{"id":1928,"date":"2020-07-22T10:46:44","date_gmt":"2020-07-22T10:46:44","guid":{"rendered":"http:\/\/www.gkprocessing.com\/advanced-processing\/"},"modified":"2020-08-06T10:25:42","modified_gmt":"2020-08-06T10:25:42","slug":"procesamiento-avanzado","status":"publish","type":"page","link":"https:\/\/www.gkprocessing.com\/es\/procesamiento-avanzado\/","title":{"rendered":"Procesamiento avanzado"},"content":{"rendered":"\t\t<div data-elementor-type=\"wp-page\" data-elementor-id=\"1928\" class=\"elementor elementor-1928\" data-elementor-post-type=\"page\">\n\t\t\t\t\t\t<section class=\"elementor-section elementor-top-section elementor-element elementor-element-6b6c6c27 elementor-reverse-mobile elementor-section-boxed elementor-section-height-default elementor-section-height-default\" data-id=\"6b6c6c27\" data-element_type=\"section\" data-settings=\"{&quot;jet_parallax_layout_list&quot;:[{&quot;jet_parallax_layout_image&quot;:{&quot;url&quot;:&quot;&quot;,&quot;id&quot;:&quot;&quot;,&quot;size&quot;:&quot;&quot;},&quot;_id&quot;:&quot;e0030b3&quot;,&quot;jet_parallax_layout_image_tablet&quot;:{&quot;url&quot;:&quot;&quot;,&quot;id&quot;:&quot;&quot;,&quot;size&quot;:&quot;&quot;},&quot;jet_parallax_layout_image_mobile&quot;:{&quot;url&quot;:&quot;&quot;,&quot;id&quot;:&quot;&quot;,&quot;size&quot;:&quot;&quot;},&quot;jet_parallax_layout_speed&quot;:{&quot;unit&quot;:&quot;%&quot;,&quot;size&quot;:50,&quot;sizes&quot;:[]},&quot;jet_parallax_layout_type&quot;:&quot;scroll&quot;,&quot;jet_parallax_layout_direction&quot;:null,&quot;jet_parallax_layout_fx_direction&quot;:null,&quot;jet_parallax_layout_z_index&quot;:&quot;&quot;,&quot;jet_parallax_layout_bg_x&quot;:50,&quot;jet_parallax_layout_bg_y&quot;:50,&quot;jet_parallax_layout_bg_size&quot;:&quot;auto&quot;,&quot;jet_parallax_layout_animation_prop&quot;:&quot;transform&quot;,&quot;jet_parallax_layout_on&quot;:[&quot;desktop&quot;,&quot;tablet&quot;],&quot;jet_parallax_layout_bg_x_tablet&quot;:&quot;&quot;,&quot;jet_parallax_layout_bg_x_mobile&quot;:&quot;&quot;,&quot;jet_parallax_layout_bg_y_tablet&quot;:&quot;&quot;,&quot;jet_parallax_layout_bg_y_mobile&quot;:&quot;&quot;,&quot;jet_parallax_layout_bg_size_tablet&quot;:&quot;&quot;,&quot;jet_parallax_layout_bg_size_mobile&quot;:&quot;&quot;}]}\">\n\t\t\t\t\t\t<div class=\"elementor-container elementor-column-gap-default\">\n\t\t\t\t\t<div class=\"elementor-column elementor-col-50 elementor-top-column elementor-element elementor-element-50e96501\" data-id=\"50e96501\" data-element_type=\"column\">\n\t\t\t<div class=\"elementor-widget-wrap elementor-element-populated\">\n\t\t\t\t\t\t<div class=\"elementor-element elementor-element-b79750d elementor-widget elementor-widget-heading\" data-id=\"b79750d\" data-element_type=\"widget\" data-widget_type=\"heading.default\">\n\t\t\t\t<div class=\"elementor-widget-container\">\n\t\t\t<h2 class=\"elementor-heading-title elementor-size-default\">Algoritmos avanzados Omega<\/h2>\t\t<\/div>\n\t\t\t\t<\/div>\n\t\t\t\t<div class=\"elementor-element elementor-element-55aa94c elementor-icon-list--layout-traditional elementor-list-item-link-full_width elementor-widget elementor-widget-icon-list\" data-id=\"55aa94c\" data-element_type=\"widget\" data-widget_type=\"icon-list.default\">\n\t\t\t\t<div class=\"elementor-widget-container\">\n\t\t\t\t\t<ul class=\"elementor-icon-list-items\">\n\t\t\t\t\t\t\t<li class=\"elementor-icon-list-item\">\n\t\t\t\t\t\t\t\t\t\t\t<a href=\"https:\/\/www.software.slb.com\/customerror?aspxerrorpath=\/products\/omega\/omega-advanced-algorithms\/3d-general-surface-multiple\">\n\n\t\t\t\t\t\t\t\t\t\t\t\t<span class=\"elementor-icon-list-icon\">\n\t\t\t\t\t\t\t<i aria-hidden=\"true\" class=\"fas fa-angle-right\"><\/i>\t\t\t\t\t\t<\/span>\n\t\t\t\t\t\t\t\t\t\t<span class=\"elementor-icon-list-text\">Predicci\u00f3n m\u00faltiple de superficie general 3D<\/span>\n\t\t\t\t\t\t\t\t\t\t\t<\/a>\n\t\t\t\t\t\t\t\t\t<\/li>\n\t\t\t\t\t\t\t\t<li class=\"elementor-icon-list-item\">\n\t\t\t\t\t\t\t\t\t\t\t<a href=\"https:\/\/www.software.slb.com\/customerror?aspxerrorpath=\/products\/omega\/omega-advanced-algorithms\/adaptive-beam-migration\">\n\n\t\t\t\t\t\t\t\t\t\t\t\t<span class=\"elementor-icon-list-icon\">\n\t\t\t\t\t\t\t<i aria-hidden=\"true\" class=\"fas fa-angle-right\"><\/i>\t\t\t\t\t\t<\/span>\n\t\t\t\t\t\t\t\t\t\t<span class=\"elementor-icon-list-text\">Migraci\u00f3n adaptativa del haz<\/span>\n\t\t\t\t\t\t\t\t\t\t\t<\/a>\n\t\t\t\t\t\t\t\t\t<\/li>\n\t\t\t\t\t\t\t\t<li class=\"elementor-icon-list-item\">\n\t\t\t\t\t\t\t\t\t\t\t<a href=\"https:\/\/www.software.slb.com\/customerror?aspxerrorpath=\/products\/omega\/omega-advanced-algorithms\/extended-interbed-multiple\">\n\n\t\t\t\t\t\t\t\t\t\t\t\t<span class=\"elementor-icon-list-icon\">\n\t\t\t\t\t\t\t<i aria-hidden=\"true\" class=\"fas fa-angle-right\"><\/i>\t\t\t\t\t\t<\/span>\n\t\t\t\t\t\t\t\t\t\t<span class=\"elementor-icon-list-text\">Predicci\u00f3n m\u00faltiple interna extendida<\/span>\n\t\t\t\t\t\t\t\t\t\t\t<\/a>\n\t\t\t\t\t\t\t\t\t<\/li>\n\t\t\t\t\t\t\t\t<li class=\"elementor-icon-list-item\">\n\t\t\t\t\t\t\t\t\t\t\t<a href=\"https:\/\/www.software.slb.com\/customerror?aspxerrorpath=\/products\/omega\/omega-advanced-algorithms\/finite-difference-modeling\">\n\n\t\t\t\t\t\t\t\t\t\t\t\t<span class=\"elementor-icon-list-icon\">\n\t\t\t\t\t\t\t<i aria-hidden=\"true\" class=\"fas fa-angle-right\"><\/i>\t\t\t\t\t\t<\/span>\n\t\t\t\t\t\t\t\t\t\t<span class=\"elementor-icon-list-text\">Modelado de diferencias finitas<\/span>\n\t\t\t\t\t\t\t\t\t\t\t<\/a>\n\t\t\t\t\t\t\t\t\t<\/li>\n\t\t\t\t\t\t\t\t<li class=\"elementor-icon-list-item\">\n\t\t\t\t\t\t\t\t\t\t\t<a href=\"https:\/\/www.software.slb.com\/customerror?aspxerrorpath=\/products\/omega\/omega-advanced-algorithms\/gaussian-packet-migration\">\n\n\t\t\t\t\t\t\t\t\t\t\t\t<span class=\"elementor-icon-list-icon\">\n\t\t\t\t\t\t\t<i aria-hidden=\"true\" class=\"fas fa-angle-right\"><\/i>\t\t\t\t\t\t<\/span>\n\t\t\t\t\t\t\t\t\t\t<span class=\"elementor-icon-list-text\">Migraci\u00f3n de paquetes gaussianos<\/span>\n\t\t\t\t\t\t\t\t\t\t\t<\/a>\n\t\t\t\t\t\t\t\t\t<\/li>\n\t\t\t\t\t\t\t\t<li class=\"elementor-icon-list-item\">\n\t\t\t\t\t\t\t\t\t\t\t<a href=\"https:\/\/www.software.slb.com\/customerror?aspxerrorpath=\/products\/omega\/omega-advanced-algorithms\/matching-pursuit-fourier\">\n\n\t\t\t\t\t\t\t\t\t\t\t\t<span class=\"elementor-icon-list-icon\">\n\t\t\t\t\t\t\t<i aria-hidden=\"true\" class=\"fas fa-angle-right\"><\/i>\t\t\t\t\t\t<\/span>\n\t\t\t\t\t\t\t\t\t\t<span class=\"elementor-icon-list-text\">Interpolaci\u00f3n de Fourier (MPFI)<\/span>\n\t\t\t\t\t\t\t\t\t\t\t<\/a>\n\t\t\t\t\t\t\t\t\t<\/li>\n\t\t\t\t\t\t\t\t<li class=\"elementor-icon-list-item\">\n\t\t\t\t\t\t\t\t\t\t\t<a href=\"https:\/\/www.software.slb.com\/customerror?aspxerrorpath=\/products\/omega\/omega-advanced-algorithms\/reverse-time-migration\">\n\n\t\t\t\t\t\t\t\t\t\t\t\t<span class=\"elementor-icon-list-icon\">\n\t\t\t\t\t\t\t<i aria-hidden=\"true\" class=\"fas fa-angle-right\"><\/i>\t\t\t\t\t\t<\/span>\n\t\t\t\t\t\t\t\t\t\t<span class=\"elementor-icon-list-text\">Migraci\u00f3n de tiempo inverso<\/span>\n\t\t\t\t\t\t\t\t\t\t\t<\/a>\n\t\t\t\t\t\t\t\t\t<\/li>\n\t\t\t\t\t\t<\/ul>\n\t\t\t\t<\/div>\n\t\t\t\t<\/div>\n\t\t\t\t\t<\/div>\n\t\t<\/div>\n\t\t\t\t<div class=\"elementor-column elementor-col-50 elementor-top-column elementor-element elementor-element-56e4b716\" data-id=\"56e4b716\" data-element_type=\"column\">\n\t\t\t<div class=\"elementor-widget-wrap elementor-element-populated\">\n\t\t\t\t\t\t<div class=\"elementor-element elementor-element-abe9c38 elementor-widget elementor-widget-image\" data-id=\"abe9c38\" data-element_type=\"widget\" data-widget_type=\"image.default\">\n\t\t\t\t<div class=\"elementor-widget-container\">\n\t\t\t\t\t\t\t\t\t\t\t\t\t<img fetchpriority=\"high\" decoding=\"async\" width=\"660\" height=\"418\" src=\"https:\/\/www.gkprocessing.com\/wp-content\/uploads\/2020\/07\/zdj\u0119cie-1.png\" class=\"attachment-full size-full wp-image-1604\" alt=\"\" srcset=\"https:\/\/www.gkprocessing.com\/wp-content\/uploads\/2020\/07\/zdj\u0119cie-1.png 660w, https:\/\/www.gkprocessing.com\/wp-content\/uploads\/2020\/07\/zdj\u0119cie-1-300x190.png 300w\" sizes=\"(max-width: 660px) 100vw, 660px\" \/>\t\t\t\t\t\t\t\t\t\t\t\t\t<\/div>\n\t\t\t\t<\/div>\n\t\t\t\t\t<\/div>\n\t\t<\/div>\n\t\t\t\t\t<\/div>\n\t\t<\/section>\n\t\t\t\t<section class=\"elementor-section elementor-top-section elementor-element elementor-element-17aff631 elementor-section-boxed elementor-section-height-default elementor-section-height-default\" data-id=\"17aff631\" data-element_type=\"section\" data-settings=\"{&quot;jet_parallax_layout_list&quot;:[{&quot;jet_parallax_layout_image&quot;:{&quot;url&quot;:&quot;&quot;,&quot;id&quot;:&quot;&quot;,&quot;size&quot;:&quot;&quot;},&quot;_id&quot;:&quot;7a0ae74&quot;,&quot;jet_parallax_layout_image_tablet&quot;:{&quot;url&quot;:&quot;&quot;,&quot;id&quot;:&quot;&quot;,&quot;size&quot;:&quot;&quot;},&quot;jet_parallax_layout_image_mobile&quot;:{&quot;url&quot;:&quot;&quot;,&quot;id&quot;:&quot;&quot;,&quot;size&quot;:&quot;&quot;},&quot;jet_parallax_layout_speed&quot;:{&quot;unit&quot;:&quot;%&quot;,&quot;size&quot;:50,&quot;sizes&quot;:[]},&quot;jet_parallax_layout_type&quot;:&quot;scroll&quot;,&quot;jet_parallax_layout_direction&quot;:null,&quot;jet_parallax_layout_fx_direction&quot;:null,&quot;jet_parallax_layout_z_index&quot;:&quot;&quot;,&quot;jet_parallax_layout_bg_x&quot;:50,&quot;jet_parallax_layout_bg_y&quot;:50,&quot;jet_parallax_layout_bg_size&quot;:&quot;auto&quot;,&quot;jet_parallax_layout_animation_prop&quot;:&quot;transform&quot;,&quot;jet_parallax_layout_on&quot;:[&quot;desktop&quot;,&quot;tablet&quot;],&quot;jet_parallax_layout_bg_x_tablet&quot;:&quot;&quot;,&quot;jet_parallax_layout_bg_x_mobile&quot;:&quot;&quot;,&quot;jet_parallax_layout_bg_y_tablet&quot;:&quot;&quot;,&quot;jet_parallax_layout_bg_y_mobile&quot;:&quot;&quot;,&quot;jet_parallax_layout_bg_size_tablet&quot;:&quot;&quot;,&quot;jet_parallax_layout_bg_size_mobile&quot;:&quot;&quot;}]}\">\n\t\t\t\t\t\t<div class=\"elementor-container elementor-column-gap-default\">\n\t\t\t\t\t<div class=\"elementor-column elementor-col-100 elementor-top-column elementor-element elementor-element-7888bd0a\" data-id=\"7888bd0a\" data-element_type=\"column\">\n\t\t\t<div class=\"elementor-widget-wrap elementor-element-populated\">\n\t\t\t\t\t\t<div class=\"elementor-element elementor-element-b62abe1 elementor-widget elementor-widget-heading\" data-id=\"b62abe1\" data-element_type=\"widget\" data-widget_type=\"heading.default\">\n\t\t\t\t<div class=\"elementor-widget-container\">\n\t\t\t<h2 class=\"elementor-heading-title elementor-size-default\">Soluciones avanzadas <\/h2>\t\t<\/div>\n\t\t\t\t<\/div>\n\t\t\t\t<div class=\"elementor-element elementor-element-27cebe20 elementor-widget elementor-widget-text-editor\" data-id=\"27cebe20\" data-element_type=\"widget\" data-widget_type=\"text-editor.default\">\n\t\t\t\t<div class=\"elementor-widget-container\">\n\t\t\t\t\t\t\t<p>Seismic Fracture Characterization &#8211; the field of our special interest High Precision Azimuthal Velocity Analysis for Seismic Fracture Characterization is a technology developed by GKP, mostly based on sophisticated usage of Omega software. Thanks to a very precise traveltime measurement we are able to detect subtle variations of seismic velocity with azimuth. Having high resolution map of velocity-azimuth distribution for crucial layers, assumptions on fracture directions and intensity can be made.<\/p>\t\t\t\t\t\t<\/div>\n\t\t\t\t<\/div>\n\t\t\t\t\t<\/div>\n\t\t<\/div>\n\t\t\t\t\t<\/div>\n\t\t<\/section>\n\t\t\t\t<\/div>\n\t\t","protected":false},"excerpt":{"rendered":"<p>Algoritmos avanzados Omega Predicci\u00f3n m\u00faltiple de superficie general 3D Migraci\u00f3n adaptativa del haz Predicci\u00f3n m\u00faltiple interna extendida Modelado de diferencias finitas Migraci\u00f3n de paquetes gaussianos Interpolaci\u00f3n de Fourier (MPFI) Migraci\u00f3n de tiempo inverso Soluciones avanzadas Seismic Fracture Characterization &#8211; the field of our special interest High Precision Azimuthal Velocity Analysis for Seismic Fracture Characterization is [&hellip;]<\/p>\n","protected":false},"author":1,"featured_media":0,"parent":0,"menu_order":0,"comment_status":"closed","ping_status":"closed","template":"elementor_header_footer","meta":{"footnotes":""},"class_list":["post-1928","page","type-page","status-publish","hentry"],"yoast_head":"<!-- This site is optimized with the Yoast SEO plugin v27.2 - https:\/\/yoast.com\/product\/yoast-seo-wordpress\/ -->\n<title>Procesamiento avanzado - GK PROCESSING<\/title>\n<meta name=\"robots\" content=\"index, follow, max-snippet:-1, max-image-preview:large, max-video-preview:-1\" \/>\n<link rel=\"canonical\" href=\"https:\/\/www.gkprocessing.com\/es\/procesamiento-avanzado\/\" \/>\n<meta property=\"og:locale\" content=\"es_ES\" \/>\n<meta property=\"og:type\" content=\"article\" \/>\n<meta property=\"og:title\" content=\"Procesamiento avanzado - GK PROCESSING\" \/>\n<meta property=\"og:description\" content=\"Algoritmos avanzados Omega Predicci\u00f3n m\u00faltiple de superficie general 3D Migraci\u00f3n adaptativa del haz Predicci\u00f3n m\u00faltiple interna extendida Modelado de diferencias finitas Migraci\u00f3n de paquetes gaussianos Interpolaci\u00f3n de Fourier (MPFI) Migraci\u00f3n de tiempo inverso Soluciones avanzadas Seismic Fracture Characterization &#8211; the field of our special interest High Precision Azimuthal Velocity Analysis for Seismic Fracture Characterization is [&hellip;]\" \/>\n<meta property=\"og:url\" content=\"https:\/\/www.gkprocessing.com\/es\/procesamiento-avanzado\/\" \/>\n<meta property=\"og:site_name\" content=\"GK PROCESSING\" \/>\n<meta property=\"article:modified_time\" content=\"2020-08-06T10:25:42+00:00\" \/>\n<meta name=\"twitter:card\" content=\"summary_large_image\" \/>\n<meta name=\"twitter:label1\" content=\"Tiempo de lectura\" \/>\n\t<meta name=\"twitter:data1\" content=\"1 minuto\" \/>\n<script type=\"application\/ld+json\" class=\"yoast-schema-graph\">{\"@context\":\"https:\/\/schema.org\",\"@graph\":[{\"@type\":\"WebPage\",\"@id\":\"https:\/\/www.gkprocessing.com\/es\/procesamiento-avanzado\/\",\"url\":\"https:\/\/www.gkprocessing.com\/es\/procesamiento-avanzado\/\",\"name\":\"Procesamiento avanzado - GK PROCESSING\",\"isPartOf\":{\"@id\":\"https:\/\/www.gkprocessing.com\/#website\"},\"datePublished\":\"2020-07-22T10:46:44+00:00\",\"dateModified\":\"2020-08-06T10:25:42+00:00\",\"breadcrumb\":{\"@id\":\"https:\/\/www.gkprocessing.com\/es\/procesamiento-avanzado\/#breadcrumb\"},\"inLanguage\":\"es\",\"potentialAction\":[{\"@type\":\"ReadAction\",\"target\":[\"https:\/\/www.gkprocessing.com\/es\/procesamiento-avanzado\/\"]}]},{\"@type\":\"BreadcrumbList\",\"@id\":\"https:\/\/www.gkprocessing.com\/es\/procesamiento-avanzado\/#breadcrumb\",\"itemListElement\":[{\"@type\":\"ListItem\",\"position\":1,\"name\":\"Home\",\"item\":\"https:\/\/www.gkprocessing.com\/es\/\"},{\"@type\":\"ListItem\",\"position\":2,\"name\":\"Procesamiento avanzado\"}]},{\"@type\":\"WebSite\",\"@id\":\"https:\/\/www.gkprocessing.com\/#website\",\"url\":\"https:\/\/www.gkprocessing.com\/\",\"name\":\"GK PROCESSING\",\"description\":\"\",\"potentialAction\":[{\"@type\":\"SearchAction\",\"target\":{\"@type\":\"EntryPoint\",\"urlTemplate\":\"https:\/\/www.gkprocessing.com\/?s={search_term_string}\"},\"query-input\":{\"@type\":\"PropertyValueSpecification\",\"valueRequired\":true,\"valueName\":\"search_term_string\"}}],\"inLanguage\":\"es\"}]}<\/script>\n<!-- \/ Yoast SEO plugin. -->","yoast_head_json":{"title":"Procesamiento avanzado - GK PROCESSING","robots":{"index":"index","follow":"follow","max-snippet":"max-snippet:-1","max-image-preview":"max-image-preview:large","max-video-preview":"max-video-preview:-1"},"canonical":"https:\/\/www.gkprocessing.com\/es\/procesamiento-avanzado\/","og_locale":"es_ES","og_type":"article","og_title":"Procesamiento avanzado - GK PROCESSING","og_description":"Algoritmos avanzados Omega Predicci\u00f3n m\u00faltiple de superficie general 3D Migraci\u00f3n adaptativa del haz Predicci\u00f3n m\u00faltiple interna extendida Modelado de diferencias finitas Migraci\u00f3n de paquetes gaussianos Interpolaci\u00f3n de Fourier (MPFI) Migraci\u00f3n de tiempo inverso Soluciones avanzadas Seismic Fracture Characterization &#8211; the field of our special interest High Precision Azimuthal Velocity Analysis for Seismic Fracture Characterization is [&hellip;]","og_url":"https:\/\/www.gkprocessing.com\/es\/procesamiento-avanzado\/","og_site_name":"GK PROCESSING","article_modified_time":"2020-08-06T10:25:42+00:00","twitter_card":"summary_large_image","twitter_misc":{"Tiempo de lectura":"1 minuto"},"schema":{"@context":"https:\/\/schema.org","@graph":[{"@type":"WebPage","@id":"https:\/\/www.gkprocessing.com\/es\/procesamiento-avanzado\/","url":"https:\/\/www.gkprocessing.com\/es\/procesamiento-avanzado\/","name":"Procesamiento avanzado - GK PROCESSING","isPartOf":{"@id":"https:\/\/www.gkprocessing.com\/#website"},"datePublished":"2020-07-22T10:46:44+00:00","dateModified":"2020-08-06T10:25:42+00:00","breadcrumb":{"@id":"https:\/\/www.gkprocessing.com\/es\/procesamiento-avanzado\/#breadcrumb"},"inLanguage":"es","potentialAction":[{"@type":"ReadAction","target":["https:\/\/www.gkprocessing.com\/es\/procesamiento-avanzado\/"]}]},{"@type":"BreadcrumbList","@id":"https:\/\/www.gkprocessing.com\/es\/procesamiento-avanzado\/#breadcrumb","itemListElement":[{"@type":"ListItem","position":1,"name":"Home","item":"https:\/\/www.gkprocessing.com\/es\/"},{"@type":"ListItem","position":2,"name":"Procesamiento avanzado"}]},{"@type":"WebSite","@id":"https:\/\/www.gkprocessing.com\/#website","url":"https:\/\/www.gkprocessing.com\/","name":"GK PROCESSING","description":"","potentialAction":[{"@type":"SearchAction","target":{"@type":"EntryPoint","urlTemplate":"https:\/\/www.gkprocessing.com\/?s={search_term_string}"},"query-input":{"@type":"PropertyValueSpecification","valueRequired":true,"valueName":"search_term_string"}}],"inLanguage":"es"}]}},"_links":{"self":[{"href":"https:\/\/www.gkprocessing.com\/es\/wp-json\/wp\/v2\/pages\/1928","targetHints":{"allow":["GET"]}}],"collection":[{"href":"https:\/\/www.gkprocessing.com\/es\/wp-json\/wp\/v2\/pages"}],"about":[{"href":"https:\/\/www.gkprocessing.com\/es\/wp-json\/wp\/v2\/types\/page"}],"author":[{"embeddable":true,"href":"https:\/\/www.gkprocessing.com\/es\/wp-json\/wp\/v2\/users\/1"}],"replies":[{"embeddable":true,"href":"https:\/\/www.gkprocessing.com\/es\/wp-json\/wp\/v2\/comments?post=1928"}],"version-history":[{"count":6,"href":"https:\/\/www.gkprocessing.com\/es\/wp-json\/wp\/v2\/pages\/1928\/revisions"}],"predecessor-version":[{"id":2781,"href":"https:\/\/www.gkprocessing.com\/es\/wp-json\/wp\/v2\/pages\/1928\/revisions\/2781"}],"wp:attachment":[{"href":"https:\/\/www.gkprocessing.com\/es\/wp-json\/wp\/v2\/media?parent=1928"}],"curies":[{"name":"wp","href":"https:\/\/api.w.org\/{rel}","templated":true}]}}