{"id":1953,"date":"2020-07-22T10:48:57","date_gmt":"2020-07-22T10:48:57","guid":{"rendered":"http:\/\/www.gkprocessing.com\/data-handling\/"},"modified":"2020-08-05T07:39:16","modified_gmt":"2020-08-05T07:39:16","slug":"manejo-de-datos","status":"publish","type":"page","link":"https:\/\/www.gkprocessing.com\/es\/manejo-de-datos\/","title":{"rendered":"Manejo de Datos"},"content":{"rendered":"\t\t<div data-elementor-type=\"wp-page\" data-elementor-id=\"1953\" class=\"elementor elementor-1953\" data-elementor-post-type=\"page\">\n\t\t\t\t\t\t<section class=\"elementor-section elementor-top-section elementor-element elementor-element-4097a825 elementor-reverse-mobile elementor-section-boxed elementor-section-height-default elementor-section-height-default\" data-id=\"4097a825\" data-element_type=\"section\" data-settings=\"{&quot;jet_parallax_layout_list&quot;:[{&quot;jet_parallax_layout_image&quot;:{&quot;url&quot;:&quot;&quot;,&quot;id&quot;:&quot;&quot;,&quot;size&quot;:&quot;&quot;},&quot;_id&quot;:&quot;e0030b3&quot;,&quot;jet_parallax_layout_image_tablet&quot;:{&quot;url&quot;:&quot;&quot;,&quot;id&quot;:&quot;&quot;,&quot;size&quot;:&quot;&quot;},&quot;jet_parallax_layout_image_mobile&quot;:{&quot;url&quot;:&quot;&quot;,&quot;id&quot;:&quot;&quot;,&quot;size&quot;:&quot;&quot;},&quot;jet_parallax_layout_speed&quot;:{&quot;unit&quot;:&quot;%&quot;,&quot;size&quot;:50,&quot;sizes&quot;:[]},&quot;jet_parallax_layout_type&quot;:&quot;scroll&quot;,&quot;jet_parallax_layout_direction&quot;:null,&quot;jet_parallax_layout_fx_direction&quot;:null,&quot;jet_parallax_layout_z_index&quot;:&quot;&quot;,&quot;jet_parallax_layout_bg_x&quot;:50,&quot;jet_parallax_layout_bg_y&quot;:50,&quot;jet_parallax_layout_bg_size&quot;:&quot;auto&quot;,&quot;jet_parallax_layout_animation_prop&quot;:&quot;transform&quot;,&quot;jet_parallax_layout_on&quot;:[&quot;desktop&quot;,&quot;tablet&quot;],&quot;jet_parallax_layout_bg_x_tablet&quot;:&quot;&quot;,&quot;jet_parallax_layout_bg_x_mobile&quot;:&quot;&quot;,&quot;jet_parallax_layout_bg_y_tablet&quot;:&quot;&quot;,&quot;jet_parallax_layout_bg_y_mobile&quot;:&quot;&quot;,&quot;jet_parallax_layout_bg_size_tablet&quot;:&quot;&quot;,&quot;jet_parallax_layout_bg_size_mobile&quot;:&quot;&quot;}]}\">\n\t\t\t\t\t\t<div class=\"elementor-container elementor-column-gap-default\">\n\t\t\t\t\t<div class=\"elementor-column elementor-col-50 elementor-top-column elementor-element elementor-element-44b74060\" data-id=\"44b74060\" data-element_type=\"column\">\n\t\t\t<div class=\"elementor-widget-wrap elementor-element-populated\">\n\t\t\t\t\t\t<div class=\"elementor-element elementor-element-757b1476 elementor-widget elementor-widget-heading\" data-id=\"757b1476\" data-element_type=\"widget\" data-widget_type=\"heading.default\">\n\t\t\t\t<div class=\"elementor-widget-container\">\n\t\t\t<h1 class=\"elementor-heading-title elementor-size-default\">Manejo de Datos<\/h1>\t\t<\/div>\n\t\t\t\t<\/div>\n\t\t\t\t<div class=\"elementor-element elementor-element-59ba397e elementor-widget elementor-widget-text-editor\" data-id=\"59ba397e\" data-element_type=\"widget\" data-widget_type=\"text-editor.default\">\n\t\t\t\t<div class=\"elementor-widget-container\">\n\t\t\t\t\t\t\t<p>Nuestros especialistas tienen m\u00e1s de 30 a\u00f1os de experiencia en el manejo de los formatos m\u00e1s populares de la industria.<br>Ofrecemos:<\/p>\n<ul>\n<li>Copia de bit a bit en el medio de su elecci\u00f3n<\/li>\n<li>reformatear datos a SEGY est\u00e1ndar<\/li>\n<li>Procesamiento de datos recuperados<\/li>\n<\/ul>\n<p><br><\/p>\t\t\t\t\t\t<\/div>\n\t\t\t\t<\/div>\n\t\t\t\t\t<\/div>\n\t\t<\/div>\n\t\t\t\t<div class=\"elementor-column elementor-col-50 elementor-top-column elementor-element elementor-element-25462dc9\" data-id=\"25462dc9\" data-element_type=\"column\">\n\t\t\t<div class=\"elementor-widget-wrap elementor-element-populated\">\n\t\t\t\t\t\t<div class=\"elementor-element elementor-element-7f01e433 elementor-widget elementor-widget-image\" data-id=\"7f01e433\" data-element_type=\"widget\" data-widget_type=\"image.default\">\n\t\t\t\t<div class=\"elementor-widget-container\">\n\t\t\t\t\t\t\t\t\t\t\t\t\t<img fetchpriority=\"high\" decoding=\"async\" width=\"1229\" height=\"578\" src=\"https:\/\/www.gkprocessing.com\/wp-content\/uploads\/2020\/07\/zdj\u0119cie-1-3.jpg\" class=\"attachment-full size-full wp-image-1591\" alt=\"\" srcset=\"https:\/\/www.gkprocessing.com\/wp-content\/uploads\/2020\/07\/zdj\u0119cie-1-3.jpg 1229w, https:\/\/www.gkprocessing.com\/wp-content\/uploads\/2020\/07\/zdj\u0119cie-1-3-300x141.jpg 300w, https:\/\/www.gkprocessing.com\/wp-content\/uploads\/2020\/07\/zdj\u0119cie-1-3-1024x482.jpg 1024w, https:\/\/www.gkprocessing.com\/wp-content\/uploads\/2020\/07\/zdj\u0119cie-1-3-768x361.jpg 768w\" sizes=\"(max-width: 1229px) 100vw, 1229px\" \/>\t\t\t\t\t\t\t\t\t\t\t\t\t<\/div>\n\t\t\t\t<\/div>\n\t\t\t\t\t<\/div>\n\t\t<\/div>\n\t\t\t\t\t<\/div>\n\t\t<\/section>\n\t\t\t\t<section class=\"elementor-section elementor-top-section elementor-element elementor-element-37c2562b elementor-section-boxed elementor-section-height-default elementor-section-height-default\" data-id=\"37c2562b\" data-element_type=\"section\" data-settings=\"{&quot;jet_parallax_layout_list&quot;:[{&quot;jet_parallax_layout_image&quot;:{&quot;url&quot;:&quot;&quot;,&quot;id&quot;:&quot;&quot;,&quot;size&quot;:&quot;&quot;},&quot;_id&quot;:&quot;7a0ae74&quot;,&quot;jet_parallax_layout_image_tablet&quot;:{&quot;url&quot;:&quot;&quot;,&quot;id&quot;:&quot;&quot;,&quot;size&quot;:&quot;&quot;},&quot;jet_parallax_layout_image_mobile&quot;:{&quot;url&quot;:&quot;&quot;,&quot;id&quot;:&quot;&quot;,&quot;size&quot;:&quot;&quot;},&quot;jet_parallax_layout_speed&quot;:{&quot;unit&quot;:&quot;%&quot;,&quot;size&quot;:50,&quot;sizes&quot;:[]},&quot;jet_parallax_layout_type&quot;:&quot;scroll&quot;,&quot;jet_parallax_layout_direction&quot;:null,&quot;jet_parallax_layout_fx_direction&quot;:null,&quot;jet_parallax_layout_z_index&quot;:&quot;&quot;,&quot;jet_parallax_layout_bg_x&quot;:50,&quot;jet_parallax_layout_bg_y&quot;:50,&quot;jet_parallax_layout_bg_size&quot;:&quot;auto&quot;,&quot;jet_parallax_layout_animation_prop&quot;:&quot;transform&quot;,&quot;jet_parallax_layout_on&quot;:[&quot;desktop&quot;,&quot;tablet&quot;],&quot;jet_parallax_layout_bg_x_tablet&quot;:&quot;&quot;,&quot;jet_parallax_layout_bg_x_mobile&quot;:&quot;&quot;,&quot;jet_parallax_layout_bg_y_tablet&quot;:&quot;&quot;,&quot;jet_parallax_layout_bg_y_mobile&quot;:&quot;&quot;,&quot;jet_parallax_layout_bg_size_tablet&quot;:&quot;&quot;,&quot;jet_parallax_layout_bg_size_mobile&quot;:&quot;&quot;}]}\">\n\t\t\t\t\t\t<div class=\"elementor-container elementor-column-gap-default\">\n\t\t\t\t\t<div class=\"elementor-column elementor-col-100 elementor-top-column elementor-element elementor-element-619cec94\" data-id=\"619cec94\" data-element_type=\"column\">\n\t\t\t<div class=\"elementor-widget-wrap elementor-element-populated\">\n\t\t\t\t\t\t<div class=\"elementor-element elementor-element-403de0a5 elementor-widget elementor-widget-text-editor\" data-id=\"403de0a5\" data-element_type=\"widget\" data-widget_type=\"text-editor.default\">\n\t\t\t\t<div class=\"elementor-widget-container\">\n\t\t\t\t\t\t\t<p>Admitimos medios est\u00e1ndar de la industria heredados y actualizados<\/p><ul><li>Cinta de 9 pistas<\/li><li>Cartucho 3480\/3490<\/li><li>Cartucho 3590B (10GB)<\/li><li>Cartucho 3590H (30GB)<\/li><li>Cartucho 3592-E05 (500 GB)<\/li><\/ul><div>\u00a0<\/div><p>Solicite otros tipos de medios si es necesario<\/p><p>En el caso de cintas viejas y parcialmente da\u00f1adas, cuando los datos no se pueden recuperar completamente, nos contactamos con nuestro cliente despu\u00e9s del diagn\u00f3stico para decidir los pasos futuros. Si la decisi\u00f3n es devolver los datos sin copiarlos, solo cobramos por el env\u00edo.<\/p>\t\t\t\t\t\t<\/div>\n\t\t\t\t<\/div>\n\t\t\t\t\t<\/div>\n\t\t<\/div>\n\t\t\t\t\t<\/div>\n\t\t<\/section>\n\t\t\t\t<\/div>\n\t\t","protected":false},"excerpt":{"rendered":"<p>Manejo de Datos Nuestros especialistas tienen m\u00e1s de 30 a\u00f1os de experiencia en el manejo de los formatos m\u00e1s populares de la industria. Ofrecemos: Copia de bit a bit en el medio de su elecci\u00f3n reformatear datos a SEGY est\u00e1ndar Procesamiento de datos recuperados &nbsp; Admitimos medios est\u00e1ndar de la industria heredados y actualizados Cinta [&hellip;]<\/p>\n","protected":false},"author":1,"featured_media":0,"parent":0,"menu_order":0,"comment_status":"closed","ping_status":"closed","template":"elementor_header_footer","meta":{"footnotes":""},"class_list":["post-1953","page","type-page","status-publish","hentry"],"yoast_head":"<!-- This site is optimized with the Yoast SEO plugin v27.2 - https:\/\/yoast.com\/product\/yoast-seo-wordpress\/ -->\n<title>Manejo de Datos - GK PROCESSING<\/title>\n<meta name=\"robots\" content=\"index, follow, max-snippet:-1, max-image-preview:large, max-video-preview:-1\" \/>\n<link rel=\"canonical\" href=\"https:\/\/www.gkprocessing.com\/es\/manejo-de-datos\/\" \/>\n<meta property=\"og:locale\" content=\"es_ES\" \/>\n<meta property=\"og:type\" content=\"article\" \/>\n<meta property=\"og:title\" content=\"Manejo de Datos - GK PROCESSING\" \/>\n<meta property=\"og:description\" content=\"Manejo de Datos Nuestros especialistas tienen m\u00e1s de 30 a\u00f1os de experiencia en el manejo de los formatos m\u00e1s populares de la industria. Ofrecemos: Copia de bit a bit en el medio de su elecci\u00f3n reformatear datos a SEGY est\u00e1ndar Procesamiento de datos recuperados &nbsp; Admitimos medios est\u00e1ndar de la industria heredados y actualizados Cinta [&hellip;]\" \/>\n<meta property=\"og:url\" content=\"https:\/\/www.gkprocessing.com\/es\/manejo-de-datos\/\" \/>\n<meta property=\"og:site_name\" content=\"GK PROCESSING\" \/>\n<meta property=\"article:modified_time\" content=\"2020-08-05T07:39:16+00:00\" \/>\n<meta name=\"twitter:card\" content=\"summary_large_image\" \/>\n<meta name=\"twitter:label1\" content=\"Tiempo de lectura\" \/>\n\t<meta name=\"twitter:data1\" content=\"1 minuto\" \/>\n<script type=\"application\/ld+json\" class=\"yoast-schema-graph\">{\"@context\":\"https:\/\/schema.org\",\"@graph\":[{\"@type\":\"WebPage\",\"@id\":\"https:\/\/www.gkprocessing.com\/es\/manejo-de-datos\/\",\"url\":\"https:\/\/www.gkprocessing.com\/es\/manejo-de-datos\/\",\"name\":\"Manejo de Datos - GK PROCESSING\",\"isPartOf\":{\"@id\":\"https:\/\/www.gkprocessing.com\/#website\"},\"datePublished\":\"2020-07-22T10:48:57+00:00\",\"dateModified\":\"2020-08-05T07:39:16+00:00\",\"breadcrumb\":{\"@id\":\"https:\/\/www.gkprocessing.com\/es\/manejo-de-datos\/#breadcrumb\"},\"inLanguage\":\"es\",\"potentialAction\":[{\"@type\":\"ReadAction\",\"target\":[\"https:\/\/www.gkprocessing.com\/es\/manejo-de-datos\/\"]}]},{\"@type\":\"BreadcrumbList\",\"@id\":\"https:\/\/www.gkprocessing.com\/es\/manejo-de-datos\/#breadcrumb\",\"itemListElement\":[{\"@type\":\"ListItem\",\"position\":1,\"name\":\"Home\",\"item\":\"https:\/\/www.gkprocessing.com\/es\/\"},{\"@type\":\"ListItem\",\"position\":2,\"name\":\"Manejo de Datos\"}]},{\"@type\":\"WebSite\",\"@id\":\"https:\/\/www.gkprocessing.com\/#website\",\"url\":\"https:\/\/www.gkprocessing.com\/\",\"name\":\"GK PROCESSING\",\"description\":\"\",\"potentialAction\":[{\"@type\":\"SearchAction\",\"target\":{\"@type\":\"EntryPoint\",\"urlTemplate\":\"https:\/\/www.gkprocessing.com\/?s={search_term_string}\"},\"query-input\":{\"@type\":\"PropertyValueSpecification\",\"valueRequired\":true,\"valueName\":\"search_term_string\"}}],\"inLanguage\":\"es\"}]}<\/script>\n<!-- \/ Yoast SEO plugin. -->","yoast_head_json":{"title":"Manejo de Datos - GK PROCESSING","robots":{"index":"index","follow":"follow","max-snippet":"max-snippet:-1","max-image-preview":"max-image-preview:large","max-video-preview":"max-video-preview:-1"},"canonical":"https:\/\/www.gkprocessing.com\/es\/manejo-de-datos\/","og_locale":"es_ES","og_type":"article","og_title":"Manejo de Datos - GK PROCESSING","og_description":"Manejo de Datos Nuestros especialistas tienen m\u00e1s de 30 a\u00f1os de experiencia en el manejo de los formatos m\u00e1s populares de la industria. Ofrecemos: Copia de bit a bit en el medio de su elecci\u00f3n reformatear datos a SEGY est\u00e1ndar Procesamiento de datos recuperados &nbsp; Admitimos medios est\u00e1ndar de la industria heredados y actualizados Cinta [&hellip;]","og_url":"https:\/\/www.gkprocessing.com\/es\/manejo-de-datos\/","og_site_name":"GK PROCESSING","article_modified_time":"2020-08-05T07:39:16+00:00","twitter_card":"summary_large_image","twitter_misc":{"Tiempo de lectura":"1 minuto"},"schema":{"@context":"https:\/\/schema.org","@graph":[{"@type":"WebPage","@id":"https:\/\/www.gkprocessing.com\/es\/manejo-de-datos\/","url":"https:\/\/www.gkprocessing.com\/es\/manejo-de-datos\/","name":"Manejo de Datos - GK PROCESSING","isPartOf":{"@id":"https:\/\/www.gkprocessing.com\/#website"},"datePublished":"2020-07-22T10:48:57+00:00","dateModified":"2020-08-05T07:39:16+00:00","breadcrumb":{"@id":"https:\/\/www.gkprocessing.com\/es\/manejo-de-datos\/#breadcrumb"},"inLanguage":"es","potentialAction":[{"@type":"ReadAction","target":["https:\/\/www.gkprocessing.com\/es\/manejo-de-datos\/"]}]},{"@type":"BreadcrumbList","@id":"https:\/\/www.gkprocessing.com\/es\/manejo-de-datos\/#breadcrumb","itemListElement":[{"@type":"ListItem","position":1,"name":"Home","item":"https:\/\/www.gkprocessing.com\/es\/"},{"@type":"ListItem","position":2,"name":"Manejo de Datos"}]},{"@type":"WebSite","@id":"https:\/\/www.gkprocessing.com\/#website","url":"https:\/\/www.gkprocessing.com\/","name":"GK PROCESSING","description":"","potentialAction":[{"@type":"SearchAction","target":{"@type":"EntryPoint","urlTemplate":"https:\/\/www.gkprocessing.com\/?s={search_term_string}"},"query-input":{"@type":"PropertyValueSpecification","valueRequired":true,"valueName":"search_term_string"}}],"inLanguage":"es"}]}},"_links":{"self":[{"href":"https:\/\/www.gkprocessing.com\/es\/wp-json\/wp\/v2\/pages\/1953","targetHints":{"allow":["GET"]}}],"collection":[{"href":"https:\/\/www.gkprocessing.com\/es\/wp-json\/wp\/v2\/pages"}],"about":[{"href":"https:\/\/www.gkprocessing.com\/es\/wp-json\/wp\/v2\/types\/page"}],"author":[{"embeddable":true,"href":"https:\/\/www.gkprocessing.com\/es\/wp-json\/wp\/v2\/users\/1"}],"replies":[{"embeddable":true,"href":"https:\/\/www.gkprocessing.com\/es\/wp-json\/wp\/v2\/comments?post=1953"}],"version-history":[{"count":5,"href":"https:\/\/www.gkprocessing.com\/es\/wp-json\/wp\/v2\/pages\/1953\/revisions"}],"predecessor-version":[{"id":2450,"href":"https:\/\/www.gkprocessing.com\/es\/wp-json\/wp\/v2\/pages\/1953\/revisions\/2450"}],"wp:attachment":[{"href":"https:\/\/www.gkprocessing.com\/es\/wp-json\/wp\/v2\/media?parent=1953"}],"curies":[{"name":"wp","href":"https:\/\/api.w.org\/{rel}","templated":true}]}}