{"id":1982,"date":"2020-07-22T09:59:51","date_gmt":"2020-07-22T09:59:51","guid":{"rendered":"http:\/\/www.gkprocessing.com\/general-info\/"},"modified":"2025-02-03T11:02:31","modified_gmt":"2025-02-03T10:02:31","slug":"informacion-general","status":"publish","type":"page","link":"https:\/\/www.gkprocessing.com\/es\/informacion-general\/","title":{"rendered":"Informaci\u00f3n general"},"content":{"rendered":"\t\t<div data-elementor-type=\"wp-page\" data-elementor-id=\"1982\" class=\"elementor elementor-1982\" data-elementor-post-type=\"page\">\n\t\t\t\t\t\t<section class=\"elementor-section elementor-top-section elementor-element elementor-element-4097a825 elementor-reverse-mobile elementor-section-boxed elementor-section-height-default elementor-section-height-default\" data-id=\"4097a825\" data-element_type=\"section\" data-settings=\"{&quot;jet_parallax_layout_list&quot;:[{&quot;jet_parallax_layout_image&quot;:{&quot;url&quot;:&quot;&quot;,&quot;id&quot;:&quot;&quot;,&quot;size&quot;:&quot;&quot;},&quot;_id&quot;:&quot;e0030b3&quot;,&quot;jet_parallax_layout_image_tablet&quot;:{&quot;url&quot;:&quot;&quot;,&quot;id&quot;:&quot;&quot;,&quot;size&quot;:&quot;&quot;},&quot;jet_parallax_layout_image_mobile&quot;:{&quot;url&quot;:&quot;&quot;,&quot;id&quot;:&quot;&quot;,&quot;size&quot;:&quot;&quot;},&quot;jet_parallax_layout_speed&quot;:{&quot;unit&quot;:&quot;%&quot;,&quot;size&quot;:50,&quot;sizes&quot;:[]},&quot;jet_parallax_layout_type&quot;:&quot;scroll&quot;,&quot;jet_parallax_layout_direction&quot;:null,&quot;jet_parallax_layout_fx_direction&quot;:null,&quot;jet_parallax_layout_z_index&quot;:&quot;&quot;,&quot;jet_parallax_layout_bg_x&quot;:50,&quot;jet_parallax_layout_bg_x_tablet&quot;:&quot;&quot;,&quot;jet_parallax_layout_bg_x_mobile&quot;:&quot;&quot;,&quot;jet_parallax_layout_bg_y&quot;:50,&quot;jet_parallax_layout_bg_y_tablet&quot;:&quot;&quot;,&quot;jet_parallax_layout_bg_y_mobile&quot;:&quot;&quot;,&quot;jet_parallax_layout_bg_size&quot;:&quot;auto&quot;,&quot;jet_parallax_layout_bg_size_tablet&quot;:&quot;&quot;,&quot;jet_parallax_layout_bg_size_mobile&quot;:&quot;&quot;,&quot;jet_parallax_layout_animation_prop&quot;:&quot;transform&quot;,&quot;jet_parallax_layout_on&quot;:[&quot;desktop&quot;,&quot;tablet&quot;]}]}\">\n\t\t\t\t\t\t<div class=\"elementor-container elementor-column-gap-default\">\n\t\t\t\t\t<div class=\"elementor-column elementor-col-50 elementor-top-column elementor-element elementor-element-44b74060\" data-id=\"44b74060\" data-element_type=\"column\">\n\t\t\t<div class=\"elementor-widget-wrap elementor-element-populated\">\n\t\t\t\t\t\t<div class=\"elementor-element elementor-element-757b1476 elementor-widget elementor-widget-heading\" data-id=\"757b1476\" data-element_type=\"widget\" data-widget_type=\"heading.default\">\n\t\t\t\t<div class=\"elementor-widget-container\">\n\t\t\t<h1 class=\"elementor-heading-title elementor-size-default\">Informaci\u00f3n general<\/h1>\t\t<\/div>\n\t\t\t\t<\/div>\n\t\t\t\t<div class=\"elementor-element elementor-element-59ba397e elementor-widget elementor-widget-text-editor\" data-id=\"59ba397e\" data-element_type=\"widget\" data-widget_type=\"text-editor.default\">\n\t\t\t\t<div class=\"elementor-widget-container\">\n\t\t\t\t\t\t\t<p>GK Processing es una empresa polaca especializada en el procesamiento de datos s\u00edsmicos y otros servicios relacionados, por ejemplo, la transcripci\u00f3n de datos s\u00edsmicos. Opera principalmente en el mercado petrolero. Sin embargo, abordando la necesidad de energ\u00eda renovable, tambi\u00e9n ha sido cada vez m\u00e1s activa en el mercado polaco y extranjero de servicios geot\u00e9rmicos. Fue fundada en marzo de 2017 y su creaci\u00f3n estaba estrictamente relacionado con el hecho de que la empresa geof\u00edsica polaca m\u00e1s antigua y reconocida, Geofizyka Krak\u00f3w, dej\u00f3 de funcionar. Como resultado, emplea procesadores muy experimentados que tienen un promedio de 15 a\u00f1os de experiencia, que es la mayor ventaja sobre otros competidores.<\/p>\t\t\t\t\t\t<\/div>\n\t\t\t\t<\/div>\n\t\t\t\t\t<\/div>\n\t\t<\/div>\n\t\t\t\t<div class=\"elementor-column elementor-col-50 elementor-top-column elementor-element elementor-element-25462dc9\" data-id=\"25462dc9\" data-element_type=\"column\">\n\t\t\t<div class=\"elementor-widget-wrap elementor-element-populated\">\n\t\t\t\t\t\t<div class=\"elementor-element elementor-element-7f01e433 elementor-widget elementor-widget-image\" data-id=\"7f01e433\" data-element_type=\"widget\" data-widget_type=\"image.default\">\n\t\t\t\t<div class=\"elementor-widget-container\">\n\t\t\t\t\t\t\t\t\t\t\t\t\t<img fetchpriority=\"high\" decoding=\"async\" width=\"1500\" height=\"966\" src=\"https:\/\/www.gkprocessing.com\/wp-content\/uploads\/2020\/08\/general_info_obraz.jpg\" class=\"attachment-full size-full wp-image-2371\" alt=\"\" srcset=\"https:\/\/www.gkprocessing.com\/wp-content\/uploads\/2020\/08\/general_info_obraz.jpg 1500w, https:\/\/www.gkprocessing.com\/wp-content\/uploads\/2020\/08\/general_info_obraz-300x193.jpg 300w, https:\/\/www.gkprocessing.com\/wp-content\/uploads\/2020\/08\/general_info_obraz-1024x659.jpg 1024w, https:\/\/www.gkprocessing.com\/wp-content\/uploads\/2020\/08\/general_info_obraz-768x495.jpg 768w\" sizes=\"(max-width: 1500px) 100vw, 1500px\" \/>\t\t\t\t\t\t\t\t\t\t\t\t\t<\/div>\n\t\t\t\t<\/div>\n\t\t\t\t\t<\/div>\n\t\t<\/div>\n\t\t\t\t\t<\/div>\n\t\t<\/section>\n\t\t\t\t<section class=\"elementor-section elementor-top-section elementor-element elementor-element-37c2562b elementor-section-boxed elementor-section-height-default elementor-section-height-default\" data-id=\"37c2562b\" data-element_type=\"section\" data-settings=\"{&quot;jet_parallax_layout_list&quot;:[{&quot;jet_parallax_layout_image&quot;:{&quot;url&quot;:&quot;&quot;,&quot;id&quot;:&quot;&quot;,&quot;size&quot;:&quot;&quot;},&quot;_id&quot;:&quot;7a0ae74&quot;,&quot;jet_parallax_layout_image_tablet&quot;:{&quot;url&quot;:&quot;&quot;,&quot;id&quot;:&quot;&quot;,&quot;size&quot;:&quot;&quot;},&quot;jet_parallax_layout_image_mobile&quot;:{&quot;url&quot;:&quot;&quot;,&quot;id&quot;:&quot;&quot;,&quot;size&quot;:&quot;&quot;},&quot;jet_parallax_layout_speed&quot;:{&quot;unit&quot;:&quot;%&quot;,&quot;size&quot;:50,&quot;sizes&quot;:[]},&quot;jet_parallax_layout_type&quot;:&quot;scroll&quot;,&quot;jet_parallax_layout_direction&quot;:null,&quot;jet_parallax_layout_fx_direction&quot;:null,&quot;jet_parallax_layout_z_index&quot;:&quot;&quot;,&quot;jet_parallax_layout_bg_x&quot;:50,&quot;jet_parallax_layout_bg_x_tablet&quot;:&quot;&quot;,&quot;jet_parallax_layout_bg_x_mobile&quot;:&quot;&quot;,&quot;jet_parallax_layout_bg_y&quot;:50,&quot;jet_parallax_layout_bg_y_tablet&quot;:&quot;&quot;,&quot;jet_parallax_layout_bg_y_mobile&quot;:&quot;&quot;,&quot;jet_parallax_layout_bg_size&quot;:&quot;auto&quot;,&quot;jet_parallax_layout_bg_size_tablet&quot;:&quot;&quot;,&quot;jet_parallax_layout_bg_size_mobile&quot;:&quot;&quot;,&quot;jet_parallax_layout_animation_prop&quot;:&quot;transform&quot;,&quot;jet_parallax_layout_on&quot;:[&quot;desktop&quot;,&quot;tablet&quot;]}]}\">\n\t\t\t\t\t\t<div class=\"elementor-container elementor-column-gap-default\">\n\t\t\t\t\t<div class=\"elementor-column elementor-col-100 elementor-top-column elementor-element elementor-element-5980e9e\" data-id=\"5980e9e\" data-element_type=\"column\">\n\t\t\t<div class=\"elementor-widget-wrap elementor-element-populated\">\n\t\t\t\t\t\t<div class=\"elementor-element elementor-element-d43ce3c elementor-widget elementor-widget-text-editor\" data-id=\"d43ce3c\" data-element_type=\"widget\" data-widget_type=\"text-editor.default\">\n\t\t\t\t<div class=\"elementor-widget-container\">\n\t\t\t\t\t\t\t<p>Por otro lado, la compa\u00f1\u00eda tambi\u00e9n est\u00e1 abierta a j\u00f3venes graduados talentosos. Siempre tienen una buena recomendaci\u00f3n de la formaci\u00f3n acad\u00e9mica y facilitan la producci\u00f3n con ideas innovadoras y creativas. La habilidad del personal es especialmente vital ya que el software principal de la compa\u00f1\u00eda es Omega, el producto de SLB. Esta tecnolog\u00eda es muy avanzada y solo puede ser operada por personal competente que use esta poderosa herramienta. En consecuencia, los clientes reciben datos de muy buena calidad.&nbsp;<\/p>\t\t\t\t\t\t<\/div>\n\t\t\t\t<\/div>\n\t\t\t\t<div class=\"elementor-element elementor-element-403de0a5 elementor-widget elementor-widget-text-editor\" data-id=\"403de0a5\" data-element_type=\"widget\" data-widget_type=\"text-editor.default\">\n\t\t\t\t<div class=\"elementor-widget-container\">\n\t\t\t\t\t\t\t<p>Por otro lado, la compa\u00f1\u00eda tambi\u00e9n est\u00e1 organizada de tal forma que puede tener \u00e9xito en un mercado muy competitivo, al mantener una alta calidad de servicios. Por esta raz\u00f3n, la gerencia decidi\u00f3 un esquema de empleo bastante eficiente que apunta a reducir el nivel de burocracia. La mayor\u00eda de los empleados de la empresa est\u00e1n directamente involucrados en la producci\u00f3n o el trabajo de R&amp;D.<\/p><p>Adem\u00e1s, las soluciones de hardware de GK Processing est\u00e1n organizadas con el objetivo de reducir el costo de los servicios y permitan a la empresa procesar datos peque\u00f1os y muy grandes. La compa\u00f1\u00eda tiene una oficina muy bien equipada, muy convenientemente ubicada cerca del aeropuerto de Cracovia.<\/p>\t\t\t\t\t\t<\/div>\n\t\t\t\t<\/div>\n\t\t\t\t<div class=\"elementor-element elementor-element-7b61170 elementor-widget elementor-widget-image\" data-id=\"7b61170\" data-element_type=\"widget\" data-widget_type=\"image.default\">\n\t\t\t\t<div class=\"elementor-widget-container\">\n\t\t\t\t\t\t\t\t\t\t\t\t\t<img decoding=\"async\" width=\"1241\" height=\"485\" src=\"https:\/\/www.gkprocessing.com\/wp-content\/uploads\/2020\/07\/Obraz2.jpg\" class=\"attachment-full size-full wp-image-1438\" alt=\"\" srcset=\"https:\/\/www.gkprocessing.com\/wp-content\/uploads\/2020\/07\/Obraz2.jpg 1241w, https:\/\/www.gkprocessing.com\/wp-content\/uploads\/2020\/07\/Obraz2-300x117.jpg 300w, https:\/\/www.gkprocessing.com\/wp-content\/uploads\/2020\/07\/Obraz2-1024x400.jpg 1024w, https:\/\/www.gkprocessing.com\/wp-content\/uploads\/2020\/07\/Obraz2-768x300.jpg 768w\" sizes=\"(max-width: 1241px) 100vw, 1241px\" \/>\t\t\t\t\t\t\t\t\t\t\t\t\t<\/div>\n\t\t\t\t<\/div>\n\t\t\t\t<div class=\"elementor-element elementor-element-3a7a29d elementor-widget elementor-widget-text-editor\" data-id=\"3a7a29d\" data-element_type=\"widget\" data-widget_type=\"text-editor.default\">\n\t\t\t\t<div class=\"elementor-widget-container\">\n\t\t\t\t\t\t\t<p>Finalmente, vale la pena mencionar la actividad R&amp;D\u00a0 de GK Processing. La empresa participa en proyectos R&amp;D\u00a0 por diversos motivos. En primer lugar, la empresa est\u00e1 muy orientada al cliente y siempre pone mucho esfuerzo para abordar los problemas espec\u00edficos del cliente, por lo que debe buscar soluciones muy innovadoras que solo es posible debido a un enfoque centrado en la investigaci\u00f3n. Tambi\u00e9n tiene como objetivo hacer frente a los mayores desaf\u00edos de la sucursal. Actualmente, la compa\u00f1\u00eda est\u00e1 trabajando en el proyecto que dar\u00e1 como resultado el reconocimiento de fracturas de los mapas de anisotrop\u00eda de alta resoluci\u00f3n. El proyecto cuenta con el apoyo financiero del Instituto Polaco de Investigaci\u00f3n y Desarrollo y de la Uni\u00f3n Europea.<\/p><p>En general, GK Processing es una empresa muy moderna que implement\u00f3 soluciones que le permiten tener \u00e9xito en un mercado petrolero muy competitivo. Al mismo tiempo, la calidad de los servicios prestados es alta, ya que emplea a empleados con gran experiencia que pueden utilizar la sofisticada herramienta Omega de una manera muy h\u00e1bil.<\/p>\t\t\t\t\t\t<\/div>\n\t\t\t\t<\/div>\n\t\t\t\t\t<\/div>\n\t\t<\/div>\n\t\t\t\t\t<\/div>\n\t\t<\/section>\n\t\t\t\t<\/div>\n\t\t","protected":false},"excerpt":{"rendered":"<p>GK Processing es una empresa polaca especializada en el procesamiento de datos s\u00edsmicos y otros servicios relacionados, por ejemplo, la transcripci\u00f3n de datos s\u00edsmicos. Opera principalmente en el mercado petrolero. Sin embargo, abordando la necesidad de energ\u00eda renovable, tambi\u00e9n ha sido cada vez m\u00e1s activa en el mercado polaco y extranjero de servicios geot\u00e9rmicos. Fue [&hellip;]<\/p>\n","protected":false},"author":1,"featured_media":0,"parent":0,"menu_order":0,"comment_status":"closed","ping_status":"closed","template":"elementor_header_footer","meta":{"footnotes":""},"class_list":["post-1982","page","type-page","status-publish","hentry"],"yoast_head":"<!-- This site is optimized with the Yoast SEO plugin v27.2 - https:\/\/yoast.com\/product\/yoast-seo-wordpress\/ -->\n<title>Informaci\u00f3n general - GK PROCESSING<\/title>\n<meta name=\"robots\" content=\"index, follow, max-snippet:-1, max-image-preview:large, max-video-preview:-1\" \/>\n<link rel=\"canonical\" href=\"https:\/\/www.gkprocessing.com\/es\/informacion-general\/\" \/>\n<meta property=\"og:locale\" content=\"es_ES\" \/>\n<meta property=\"og:type\" content=\"article\" \/>\n<meta property=\"og:title\" content=\"Informaci\u00f3n general - GK PROCESSING\" \/>\n<meta property=\"og:description\" content=\"GK Processing es una empresa polaca especializada en el procesamiento de datos s\u00edsmicos y otros servicios relacionados, por ejemplo, la transcripci\u00f3n de datos s\u00edsmicos. Opera principalmente en el mercado petrolero. Sin embargo, abordando la necesidad de energ\u00eda renovable, tambi\u00e9n ha sido cada vez m\u00e1s activa en el mercado polaco y extranjero de servicios geot\u00e9rmicos. Fue [&hellip;]\" \/>\n<meta property=\"og:url\" content=\"https:\/\/www.gkprocessing.com\/es\/informacion-general\/\" \/>\n<meta property=\"og:site_name\" content=\"GK PROCESSING\" \/>\n<meta property=\"article:modified_time\" content=\"2025-02-03T10:02:31+00:00\" \/>\n<meta property=\"og:image\" content=\"https:\/\/www.gkprocessing.com\/wp-content\/uploads\/2020\/08\/general_info_obraz.jpg\" \/>\n\t<meta property=\"og:image:width\" content=\"1500\" \/>\n\t<meta property=\"og:image:height\" content=\"966\" \/>\n\t<meta property=\"og:image:type\" content=\"image\/jpeg\" \/>\n<meta name=\"twitter:card\" content=\"summary_large_image\" \/>\n<meta name=\"twitter:label1\" content=\"Tiempo de lectura\" \/>\n\t<meta name=\"twitter:data1\" content=\"3 minutos\" \/>\n<script type=\"application\/ld+json\" class=\"yoast-schema-graph\">{\"@context\":\"https:\/\/schema.org\",\"@graph\":[{\"@type\":\"WebPage\",\"@id\":\"https:\/\/www.gkprocessing.com\/es\/informacion-general\/\",\"url\":\"https:\/\/www.gkprocessing.com\/es\/informacion-general\/\",\"name\":\"Informaci\u00f3n general - GK PROCESSING\",\"isPartOf\":{\"@id\":\"https:\/\/www.gkprocessing.com\/#website\"},\"primaryImageOfPage\":{\"@id\":\"https:\/\/www.gkprocessing.com\/es\/informacion-general\/#primaryimage\"},\"image\":{\"@id\":\"https:\/\/www.gkprocessing.com\/es\/informacion-general\/#primaryimage\"},\"thumbnailUrl\":\"https:\/\/www.gkprocessing.com\/wp-content\/uploads\/2020\/08\/general_info_obraz.jpg\",\"datePublished\":\"2020-07-22T09:59:51+00:00\",\"dateModified\":\"2025-02-03T10:02:31+00:00\",\"breadcrumb\":{\"@id\":\"https:\/\/www.gkprocessing.com\/es\/informacion-general\/#breadcrumb\"},\"inLanguage\":\"es\",\"potentialAction\":[{\"@type\":\"ReadAction\",\"target\":[\"https:\/\/www.gkprocessing.com\/es\/informacion-general\/\"]}]},{\"@type\":\"ImageObject\",\"inLanguage\":\"es\",\"@id\":\"https:\/\/www.gkprocessing.com\/es\/informacion-general\/#primaryimage\",\"url\":\"https:\/\/www.gkprocessing.com\/wp-content\/uploads\/2020\/08\/general_info_obraz.jpg\",\"contentUrl\":\"https:\/\/www.gkprocessing.com\/wp-content\/uploads\/2020\/08\/general_info_obraz.jpg\"},{\"@type\":\"BreadcrumbList\",\"@id\":\"https:\/\/www.gkprocessing.com\/es\/informacion-general\/#breadcrumb\",\"itemListElement\":[{\"@type\":\"ListItem\",\"position\":1,\"name\":\"Home\",\"item\":\"https:\/\/www.gkprocessing.com\/es\/\"},{\"@type\":\"ListItem\",\"position\":2,\"name\":\"Informaci\u00f3n general\"}]},{\"@type\":\"WebSite\",\"@id\":\"https:\/\/www.gkprocessing.com\/#website\",\"url\":\"https:\/\/www.gkprocessing.com\/\",\"name\":\"GK PROCESSING\",\"description\":\"\",\"potentialAction\":[{\"@type\":\"SearchAction\",\"target\":{\"@type\":\"EntryPoint\",\"urlTemplate\":\"https:\/\/www.gkprocessing.com\/?s={search_term_string}\"},\"query-input\":{\"@type\":\"PropertyValueSpecification\",\"valueRequired\":true,\"valueName\":\"search_term_string\"}}],\"inLanguage\":\"es\"}]}<\/script>\n<!-- \/ Yoast SEO plugin. -->","yoast_head_json":{"title":"Informaci\u00f3n general - GK PROCESSING","robots":{"index":"index","follow":"follow","max-snippet":"max-snippet:-1","max-image-preview":"max-image-preview:large","max-video-preview":"max-video-preview:-1"},"canonical":"https:\/\/www.gkprocessing.com\/es\/informacion-general\/","og_locale":"es_ES","og_type":"article","og_title":"Informaci\u00f3n general - GK PROCESSING","og_description":"GK Processing es una empresa polaca especializada en el procesamiento de datos s\u00edsmicos y otros servicios relacionados, por ejemplo, la transcripci\u00f3n de datos s\u00edsmicos. Opera principalmente en el mercado petrolero. Sin embargo, abordando la necesidad de energ\u00eda renovable, tambi\u00e9n ha sido cada vez m\u00e1s activa en el mercado polaco y extranjero de servicios geot\u00e9rmicos. Fue [&hellip;]","og_url":"https:\/\/www.gkprocessing.com\/es\/informacion-general\/","og_site_name":"GK PROCESSING","article_modified_time":"2025-02-03T10:02:31+00:00","og_image":[{"width":1500,"height":966,"url":"https:\/\/www.gkprocessing.com\/wp-content\/uploads\/2020\/08\/general_info_obraz.jpg","type":"image\/jpeg"}],"twitter_card":"summary_large_image","twitter_misc":{"Tiempo de lectura":"3 minutos"},"schema":{"@context":"https:\/\/schema.org","@graph":[{"@type":"WebPage","@id":"https:\/\/www.gkprocessing.com\/es\/informacion-general\/","url":"https:\/\/www.gkprocessing.com\/es\/informacion-general\/","name":"Informaci\u00f3n general - GK PROCESSING","isPartOf":{"@id":"https:\/\/www.gkprocessing.com\/#website"},"primaryImageOfPage":{"@id":"https:\/\/www.gkprocessing.com\/es\/informacion-general\/#primaryimage"},"image":{"@id":"https:\/\/www.gkprocessing.com\/es\/informacion-general\/#primaryimage"},"thumbnailUrl":"https:\/\/www.gkprocessing.com\/wp-content\/uploads\/2020\/08\/general_info_obraz.jpg","datePublished":"2020-07-22T09:59:51+00:00","dateModified":"2025-02-03T10:02:31+00:00","breadcrumb":{"@id":"https:\/\/www.gkprocessing.com\/es\/informacion-general\/#breadcrumb"},"inLanguage":"es","potentialAction":[{"@type":"ReadAction","target":["https:\/\/www.gkprocessing.com\/es\/informacion-general\/"]}]},{"@type":"ImageObject","inLanguage":"es","@id":"https:\/\/www.gkprocessing.com\/es\/informacion-general\/#primaryimage","url":"https:\/\/www.gkprocessing.com\/wp-content\/uploads\/2020\/08\/general_info_obraz.jpg","contentUrl":"https:\/\/www.gkprocessing.com\/wp-content\/uploads\/2020\/08\/general_info_obraz.jpg"},{"@type":"BreadcrumbList","@id":"https:\/\/www.gkprocessing.com\/es\/informacion-general\/#breadcrumb","itemListElement":[{"@type":"ListItem","position":1,"name":"Home","item":"https:\/\/www.gkprocessing.com\/es\/"},{"@type":"ListItem","position":2,"name":"Informaci\u00f3n general"}]},{"@type":"WebSite","@id":"https:\/\/www.gkprocessing.com\/#website","url":"https:\/\/www.gkprocessing.com\/","name":"GK PROCESSING","description":"","potentialAction":[{"@type":"SearchAction","target":{"@type":"EntryPoint","urlTemplate":"https:\/\/www.gkprocessing.com\/?s={search_term_string}"},"query-input":{"@type":"PropertyValueSpecification","valueRequired":true,"valueName":"search_term_string"}}],"inLanguage":"es"}]}},"_links":{"self":[{"href":"https:\/\/www.gkprocessing.com\/es\/wp-json\/wp\/v2\/pages\/1982","targetHints":{"allow":["GET"]}}],"collection":[{"href":"https:\/\/www.gkprocessing.com\/es\/wp-json\/wp\/v2\/pages"}],"about":[{"href":"https:\/\/www.gkprocessing.com\/es\/wp-json\/wp\/v2\/types\/page"}],"author":[{"embeddable":true,"href":"https:\/\/www.gkprocessing.com\/es\/wp-json\/wp\/v2\/users\/1"}],"replies":[{"embeddable":true,"href":"https:\/\/www.gkprocessing.com\/es\/wp-json\/wp\/v2\/comments?post=1982"}],"version-history":[{"count":15,"href":"https:\/\/www.gkprocessing.com\/es\/wp-json\/wp\/v2\/pages\/1982\/revisions"}],"predecessor-version":[{"id":4052,"href":"https:\/\/www.gkprocessing.com\/es\/wp-json\/wp\/v2\/pages\/1982\/revisions\/4052"}],"wp:attachment":[{"href":"https:\/\/www.gkprocessing.com\/es\/wp-json\/wp\/v2\/media?parent=1982"}],"curies":[{"name":"wp","href":"https:\/\/api.w.org\/{rel}","templated":true}]}}