{"id":1996,"date":"2020-07-22T10:46:11","date_gmt":"2020-07-22T10:46:11","guid":{"rendered":"http:\/\/www.gkprocessing.com\/main-technology\/"},"modified":"2025-02-03T11:03:49","modified_gmt":"2025-02-03T10:03:49","slug":"tecnologia-principal","status":"publish","type":"page","link":"https:\/\/www.gkprocessing.com\/es\/tecnologia-principal\/","title":{"rendered":"Tecnolog\u00eda principal"},"content":{"rendered":"\t\t<div data-elementor-type=\"wp-page\" data-elementor-id=\"1996\" class=\"elementor elementor-1996\" data-elementor-post-type=\"page\">\n\t\t\t\t\t\t<section class=\"elementor-section elementor-top-section elementor-element elementor-element-4097a825 elementor-reverse-mobile elementor-section-boxed elementor-section-height-default elementor-section-height-default\" data-id=\"4097a825\" data-element_type=\"section\" data-settings=\"{&quot;jet_parallax_layout_list&quot;:[{&quot;jet_parallax_layout_image&quot;:{&quot;url&quot;:&quot;&quot;,&quot;id&quot;:&quot;&quot;,&quot;size&quot;:&quot;&quot;},&quot;_id&quot;:&quot;e0030b3&quot;,&quot;jet_parallax_layout_image_tablet&quot;:{&quot;url&quot;:&quot;&quot;,&quot;id&quot;:&quot;&quot;,&quot;size&quot;:&quot;&quot;},&quot;jet_parallax_layout_image_mobile&quot;:{&quot;url&quot;:&quot;&quot;,&quot;id&quot;:&quot;&quot;,&quot;size&quot;:&quot;&quot;},&quot;jet_parallax_layout_speed&quot;:{&quot;unit&quot;:&quot;%&quot;,&quot;size&quot;:50,&quot;sizes&quot;:[]},&quot;jet_parallax_layout_type&quot;:&quot;scroll&quot;,&quot;jet_parallax_layout_direction&quot;:null,&quot;jet_parallax_layout_fx_direction&quot;:null,&quot;jet_parallax_layout_z_index&quot;:&quot;&quot;,&quot;jet_parallax_layout_bg_x&quot;:50,&quot;jet_parallax_layout_bg_x_tablet&quot;:&quot;&quot;,&quot;jet_parallax_layout_bg_x_mobile&quot;:&quot;&quot;,&quot;jet_parallax_layout_bg_y&quot;:50,&quot;jet_parallax_layout_bg_y_tablet&quot;:&quot;&quot;,&quot;jet_parallax_layout_bg_y_mobile&quot;:&quot;&quot;,&quot;jet_parallax_layout_bg_size&quot;:&quot;auto&quot;,&quot;jet_parallax_layout_bg_size_tablet&quot;:&quot;&quot;,&quot;jet_parallax_layout_bg_size_mobile&quot;:&quot;&quot;,&quot;jet_parallax_layout_animation_prop&quot;:&quot;transform&quot;,&quot;jet_parallax_layout_on&quot;:[&quot;desktop&quot;,&quot;tablet&quot;]}]}\">\n\t\t\t\t\t\t<div class=\"elementor-container elementor-column-gap-default\">\n\t\t\t\t\t<div class=\"elementor-column elementor-col-100 elementor-top-column elementor-element elementor-element-44b74060\" data-id=\"44b74060\" data-element_type=\"column\">\n\t\t\t<div class=\"elementor-widget-wrap elementor-element-populated\">\n\t\t\t\t\t\t<div class=\"elementor-element elementor-element-757b1476 elementor-widget elementor-widget-heading\" data-id=\"757b1476\" data-element_type=\"widget\" data-widget_type=\"heading.default\">\n\t\t\t\t<div class=\"elementor-widget-container\">\n\t\t\t<h1 class=\"elementor-heading-title elementor-size-default\">Tecnolog\u00eda principal<\/h1>\t\t<\/div>\n\t\t\t\t<\/div>\n\t\t\t\t<div class=\"elementor-element elementor-element-59ba397e elementor-widget elementor-widget-text-editor\" data-id=\"59ba397e\" data-element_type=\"widget\" data-widget_type=\"text-editor.default\">\n\t\t\t\t<div class=\"elementor-widget-container\">\n\t\t\t\t\t\t\t<p>GKP utiliza la plataforma de procesamiento de datos geof\u00edsicos de \u00faltima generaci\u00f3n OMEGA (SLB) y hay dos buenas razones que respaldan esta elecci\u00f3n. En primer lugar, OMEGA es un sistema l\u00edder mundial, altamente reconocido en la industria y desarrollado continuamente por cientos de profesionales. En segundo lugar, nuestros geof\u00edsicos, que tienen entre 10 y 25 a\u00f1os de experiencia laboral en el procesamiento de OMEGA, son expertos en explotar esta poderosa herramienta en toda su potencia.<\/p>\n<p><strong>Sobre SLB:<\/strong><\/p>\n<p>SLB es el proveedor l\u00edder mundial de tecnolog\u00eda para la caracterizaci\u00f3n de yacimientos que emplea a aproximadamente 100,000 personas y desarrolla su tecnolog\u00eda a trav\u00e9s de una red de 125 centros de investigaci\u00f3n e ingenier\u00eda.<\/p>\n<p>Para m\u00e1s informaci\u00f3n: <a href=\"http:\/\/www.slb.com\/about\/\">http:\/\/www.slb.com\/about\/<\/a><\/p>\n<p><strong>Lo m\u00e1s destacado de Omega:<\/strong><\/p>\n<p>OMEGA es la herramienta de procesamiento s\u00edsmico cotidiana para que los geof\u00edsicos conviertan los datos s\u00edsmicos en conocimiento. Gracias a a\u00f1os de pr\u00e1ctica y desarrollo, integra algoritmos bien estudiados y avanzados.<\/p>\n<p>Para m\u00e1s informaci\u00f3n: <a href=\"https:\/\/www.software.slb.com\/products\/omega\">https:\/\/www.software.slb.com\/products\/omega<\/a><\/p>\t\t\t\t\t\t<\/div>\n\t\t\t\t<\/div>\n\t\t\t\t\t<\/div>\n\t\t<\/div>\n\t\t\t\t\t<\/div>\n\t\t<\/section>\n\t\t\t\t<\/div>\n\t\t","protected":false},"excerpt":{"rendered":"<p>Tecnolog\u00eda principal GKP utiliza la plataforma de procesamiento de datos geof\u00edsicos de \u00faltima generaci\u00f3n OMEGA (SLB) y hay dos buenas razones que respaldan esta elecci\u00f3n. En primer lugar, OMEGA es un sistema l\u00edder mundial, altamente reconocido en la industria y desarrollado continuamente por cientos de profesionales. En segundo lugar, nuestros geof\u00edsicos, que tienen entre 10 [&hellip;]<\/p>\n","protected":false},"author":1,"featured_media":0,"parent":0,"menu_order":0,"comment_status":"closed","ping_status":"closed","template":"elementor_header_footer","meta":{"footnotes":""},"class_list":["post-1996","page","type-page","status-publish","hentry"],"yoast_head":"<!-- This site is optimized with the Yoast SEO plugin v27.2 - https:\/\/yoast.com\/product\/yoast-seo-wordpress\/ -->\n<title>Tecnolog\u00eda principal - GK PROCESSING<\/title>\n<meta name=\"robots\" content=\"index, follow, max-snippet:-1, max-image-preview:large, max-video-preview:-1\" \/>\n<link rel=\"canonical\" href=\"https:\/\/www.gkprocessing.com\/es\/tecnologia-principal\/\" \/>\n<meta property=\"og:locale\" content=\"es_ES\" \/>\n<meta property=\"og:type\" content=\"article\" \/>\n<meta property=\"og:title\" content=\"Tecnolog\u00eda principal - GK PROCESSING\" \/>\n<meta property=\"og:description\" content=\"Tecnolog\u00eda principal GKP utiliza la plataforma de procesamiento de datos geof\u00edsicos de \u00faltima generaci\u00f3n OMEGA (SLB) y hay dos buenas razones que respaldan esta elecci\u00f3n. En primer lugar, OMEGA es un sistema l\u00edder mundial, altamente reconocido en la industria y desarrollado continuamente por cientos de profesionales. En segundo lugar, nuestros geof\u00edsicos, que tienen entre 10 [&hellip;]\" \/>\n<meta property=\"og:url\" content=\"https:\/\/www.gkprocessing.com\/es\/tecnologia-principal\/\" \/>\n<meta property=\"og:site_name\" content=\"GK PROCESSING\" \/>\n<meta property=\"article:modified_time\" content=\"2025-02-03T10:03:49+00:00\" \/>\n<meta name=\"twitter:card\" content=\"summary_large_image\" \/>\n<meta name=\"twitter:label1\" content=\"Tiempo de lectura\" \/>\n\t<meta name=\"twitter:data1\" content=\"1 minuto\" \/>\n<script type=\"application\/ld+json\" class=\"yoast-schema-graph\">{\"@context\":\"https:\/\/schema.org\",\"@graph\":[{\"@type\":\"WebPage\",\"@id\":\"https:\/\/www.gkprocessing.com\/es\/tecnologia-principal\/\",\"url\":\"https:\/\/www.gkprocessing.com\/es\/tecnologia-principal\/\",\"name\":\"Tecnolog\u00eda principal - GK PROCESSING\",\"isPartOf\":{\"@id\":\"https:\/\/www.gkprocessing.com\/#website\"},\"datePublished\":\"2020-07-22T10:46:11+00:00\",\"dateModified\":\"2025-02-03T10:03:49+00:00\",\"breadcrumb\":{\"@id\":\"https:\/\/www.gkprocessing.com\/es\/tecnologia-principal\/#breadcrumb\"},\"inLanguage\":\"es\",\"potentialAction\":[{\"@type\":\"ReadAction\",\"target\":[\"https:\/\/www.gkprocessing.com\/es\/tecnologia-principal\/\"]}]},{\"@type\":\"BreadcrumbList\",\"@id\":\"https:\/\/www.gkprocessing.com\/es\/tecnologia-principal\/#breadcrumb\",\"itemListElement\":[{\"@type\":\"ListItem\",\"position\":1,\"name\":\"Home\",\"item\":\"https:\/\/www.gkprocessing.com\/es\/\"},{\"@type\":\"ListItem\",\"position\":2,\"name\":\"Tecnolog\u00eda principal\"}]},{\"@type\":\"WebSite\",\"@id\":\"https:\/\/www.gkprocessing.com\/#website\",\"url\":\"https:\/\/www.gkprocessing.com\/\",\"name\":\"GK PROCESSING\",\"description\":\"\",\"potentialAction\":[{\"@type\":\"SearchAction\",\"target\":{\"@type\":\"EntryPoint\",\"urlTemplate\":\"https:\/\/www.gkprocessing.com\/?s={search_term_string}\"},\"query-input\":{\"@type\":\"PropertyValueSpecification\",\"valueRequired\":true,\"valueName\":\"search_term_string\"}}],\"inLanguage\":\"es\"}]}<\/script>\n<!-- \/ Yoast SEO plugin. -->","yoast_head_json":{"title":"Tecnolog\u00eda principal - GK PROCESSING","robots":{"index":"index","follow":"follow","max-snippet":"max-snippet:-1","max-image-preview":"max-image-preview:large","max-video-preview":"max-video-preview:-1"},"canonical":"https:\/\/www.gkprocessing.com\/es\/tecnologia-principal\/","og_locale":"es_ES","og_type":"article","og_title":"Tecnolog\u00eda principal - GK PROCESSING","og_description":"Tecnolog\u00eda principal GKP utiliza la plataforma de procesamiento de datos geof\u00edsicos de \u00faltima generaci\u00f3n OMEGA (SLB) y hay dos buenas razones que respaldan esta elecci\u00f3n. En primer lugar, OMEGA es un sistema l\u00edder mundial, altamente reconocido en la industria y desarrollado continuamente por cientos de profesionales. En segundo lugar, nuestros geof\u00edsicos, que tienen entre 10 [&hellip;]","og_url":"https:\/\/www.gkprocessing.com\/es\/tecnologia-principal\/","og_site_name":"GK PROCESSING","article_modified_time":"2025-02-03T10:03:49+00:00","twitter_card":"summary_large_image","twitter_misc":{"Tiempo de lectura":"1 minuto"},"schema":{"@context":"https:\/\/schema.org","@graph":[{"@type":"WebPage","@id":"https:\/\/www.gkprocessing.com\/es\/tecnologia-principal\/","url":"https:\/\/www.gkprocessing.com\/es\/tecnologia-principal\/","name":"Tecnolog\u00eda principal - GK PROCESSING","isPartOf":{"@id":"https:\/\/www.gkprocessing.com\/#website"},"datePublished":"2020-07-22T10:46:11+00:00","dateModified":"2025-02-03T10:03:49+00:00","breadcrumb":{"@id":"https:\/\/www.gkprocessing.com\/es\/tecnologia-principal\/#breadcrumb"},"inLanguage":"es","potentialAction":[{"@type":"ReadAction","target":["https:\/\/www.gkprocessing.com\/es\/tecnologia-principal\/"]}]},{"@type":"BreadcrumbList","@id":"https:\/\/www.gkprocessing.com\/es\/tecnologia-principal\/#breadcrumb","itemListElement":[{"@type":"ListItem","position":1,"name":"Home","item":"https:\/\/www.gkprocessing.com\/es\/"},{"@type":"ListItem","position":2,"name":"Tecnolog\u00eda principal"}]},{"@type":"WebSite","@id":"https:\/\/www.gkprocessing.com\/#website","url":"https:\/\/www.gkprocessing.com\/","name":"GK PROCESSING","description":"","potentialAction":[{"@type":"SearchAction","target":{"@type":"EntryPoint","urlTemplate":"https:\/\/www.gkprocessing.com\/?s={search_term_string}"},"query-input":{"@type":"PropertyValueSpecification","valueRequired":true,"valueName":"search_term_string"}}],"inLanguage":"es"}]}},"_links":{"self":[{"href":"https:\/\/www.gkprocessing.com\/es\/wp-json\/wp\/v2\/pages\/1996","targetHints":{"allow":["GET"]}}],"collection":[{"href":"https:\/\/www.gkprocessing.com\/es\/wp-json\/wp\/v2\/pages"}],"about":[{"href":"https:\/\/www.gkprocessing.com\/es\/wp-json\/wp\/v2\/types\/page"}],"author":[{"embeddable":true,"href":"https:\/\/www.gkprocessing.com\/es\/wp-json\/wp\/v2\/users\/1"}],"replies":[{"embeddable":true,"href":"https:\/\/www.gkprocessing.com\/es\/wp-json\/wp\/v2\/comments?post=1996"}],"version-history":[{"count":10,"href":"https:\/\/www.gkprocessing.com\/es\/wp-json\/wp\/v2\/pages\/1996\/revisions"}],"predecessor-version":[{"id":4056,"href":"https:\/\/www.gkprocessing.com\/es\/wp-json\/wp\/v2\/pages\/1996\/revisions\/4056"}],"wp:attachment":[{"href":"https:\/\/www.gkprocessing.com\/es\/wp-json\/wp\/v2\/media?parent=1996"}],"curies":[{"name":"wp","href":"https:\/\/api.w.org\/{rel}","templated":true}]}}