{"id":2020,"date":"2020-07-22T10:44:42","date_gmt":"2020-07-22T10:44:42","guid":{"rendered":"http:\/\/www.gkprocessing.com\/research-development\/"},"modified":"2020-08-06T10:06:12","modified_gmt":"2020-08-06T10:06:12","slug":"investigacion-desarrollo","status":"publish","type":"page","link":"https:\/\/www.gkprocessing.com\/es\/investigacion-desarrollo\/","title":{"rendered":"Investigaci\u00f3n &#038; desarrollo"},"content":{"rendered":"\t\t<div data-elementor-type=\"wp-page\" data-elementor-id=\"2020\" class=\"elementor elementor-2020\" data-elementor-post-type=\"page\">\n\t\t\t\t\t\t<section class=\"elementor-section elementor-top-section elementor-element elementor-element-4097a825 elementor-reverse-mobile elementor-section-boxed elementor-section-height-default elementor-section-height-default\" data-id=\"4097a825\" data-element_type=\"section\" data-settings=\"{&quot;jet_parallax_layout_list&quot;:[{&quot;jet_parallax_layout_image&quot;:{&quot;url&quot;:&quot;&quot;,&quot;id&quot;:&quot;&quot;,&quot;size&quot;:&quot;&quot;},&quot;_id&quot;:&quot;e0030b3&quot;,&quot;jet_parallax_layout_image_tablet&quot;:{&quot;url&quot;:&quot;&quot;,&quot;id&quot;:&quot;&quot;,&quot;size&quot;:&quot;&quot;},&quot;jet_parallax_layout_image_mobile&quot;:{&quot;url&quot;:&quot;&quot;,&quot;id&quot;:&quot;&quot;,&quot;size&quot;:&quot;&quot;},&quot;jet_parallax_layout_speed&quot;:{&quot;unit&quot;:&quot;%&quot;,&quot;size&quot;:50,&quot;sizes&quot;:[]},&quot;jet_parallax_layout_type&quot;:&quot;scroll&quot;,&quot;jet_parallax_layout_direction&quot;:null,&quot;jet_parallax_layout_fx_direction&quot;:null,&quot;jet_parallax_layout_z_index&quot;:&quot;&quot;,&quot;jet_parallax_layout_bg_x&quot;:50,&quot;jet_parallax_layout_bg_y&quot;:50,&quot;jet_parallax_layout_bg_size&quot;:&quot;auto&quot;,&quot;jet_parallax_layout_animation_prop&quot;:&quot;transform&quot;,&quot;jet_parallax_layout_on&quot;:[&quot;desktop&quot;,&quot;tablet&quot;],&quot;jet_parallax_layout_bg_x_tablet&quot;:&quot;&quot;,&quot;jet_parallax_layout_bg_x_mobile&quot;:&quot;&quot;,&quot;jet_parallax_layout_bg_y_tablet&quot;:&quot;&quot;,&quot;jet_parallax_layout_bg_y_mobile&quot;:&quot;&quot;,&quot;jet_parallax_layout_bg_size_tablet&quot;:&quot;&quot;,&quot;jet_parallax_layout_bg_size_mobile&quot;:&quot;&quot;}]}\">\n\t\t\t\t\t\t<div class=\"elementor-container elementor-column-gap-default\">\n\t\t\t\t\t<div class=\"elementor-column elementor-col-100 elementor-top-column elementor-element elementor-element-44b74060\" data-id=\"44b74060\" data-element_type=\"column\">\n\t\t\t<div class=\"elementor-widget-wrap elementor-element-populated\">\n\t\t\t\t\t\t<div class=\"elementor-element elementor-element-757b1476 elementor-widget elementor-widget-heading\" data-id=\"757b1476\" data-element_type=\"widget\" data-widget_type=\"heading.default\">\n\t\t\t\t<div class=\"elementor-widget-container\">\n\t\t\t<h1 class=\"elementor-heading-title elementor-size-default\">Investigaci\u00f3n &amp; desarrollo<\/h1>\t\t<\/div>\n\t\t\t\t<\/div>\n\t\t\t\t<div class=\"elementor-element elementor-element-59ba397e elementor-widget elementor-widget-text-editor\" data-id=\"59ba397e\" data-element_type=\"widget\" data-widget_type=\"text-editor.default\">\n\t\t\t\t<div class=\"elementor-widget-container\">\n\t\t\t\t\t\t\t<p><strong>Programa de Investigaci\u00f3n<\/strong><\/p><p>Para garantizar la mejor calidad de servicios, GK Processing invierte de forma constante en diferentes programas de investigaci\u00f3n. Actualmente, la compa\u00f1\u00eda participa en el programa de tres a\u00f1os con el objetivo de desarrollar y verificar la tecnolog\u00eda de detecci\u00f3n de fracturas naturales: \u00abPara el desarrollo de un innovador sistema de an\u00e1lisis geof\u00edsico para la detecci\u00f3n de direcciones e intensidad de fracturas en formaciones geol\u00f3gicas al utilizar la anisotrop\u00eda azimutal de la velocidad de las ondas s\u00edsmicas \u00ab. Nuestra idea fue altamente valorada por la Comisi\u00f3n Europea y el Centro Nacional de Investigaci\u00f3n y Desarrollo, tanto m\u00e1s que el proyecto tendr\u00e1 una gran repercusi\u00f3n en las perspectivas de obtener energ\u00eda t\u00e9rmica. En consecuencia, la gran parte del proyecto de tres millones de d\u00f3lares estar\u00e1 cubierto por estas instituciones.<\/p>\t\t\t\t\t\t<\/div>\n\t\t\t\t<\/div>\n\t\t\t\t<div class=\"elementor-element elementor-element-7f01e433 elementor-widget elementor-widget-image\" data-id=\"7f01e433\" data-element_type=\"widget\" data-widget_type=\"image.default\">\n\t\t\t\t<div class=\"elementor-widget-container\">\n\t\t\t\t\t\t\t\t\t\t\t\t\t<img fetchpriority=\"high\" decoding=\"async\" width=\"5496\" height=\"756\" src=\"https:\/\/www.gkprocessing.com\/wp-content\/uploads\/2020\/07\/FE_POIR_poziom_pl-1_rgb-2.png\" class=\"attachment-full size-full wp-image-1543\" alt=\"\" srcset=\"https:\/\/www.gkprocessing.com\/wp-content\/uploads\/2020\/07\/FE_POIR_poziom_pl-1_rgb-2.png 5496w, https:\/\/www.gkprocessing.com\/wp-content\/uploads\/2020\/07\/FE_POIR_poziom_pl-1_rgb-2-300x41.png 300w, https:\/\/www.gkprocessing.com\/wp-content\/uploads\/2020\/07\/FE_POIR_poziom_pl-1_rgb-2-1024x141.png 1024w, https:\/\/www.gkprocessing.com\/wp-content\/uploads\/2020\/07\/FE_POIR_poziom_pl-1_rgb-2-768x106.png 768w, https:\/\/www.gkprocessing.com\/wp-content\/uploads\/2020\/07\/FE_POIR_poziom_pl-1_rgb-2-1536x211.png 1536w, https:\/\/www.gkprocessing.com\/wp-content\/uploads\/2020\/07\/FE_POIR_poziom_pl-1_rgb-2-2048x282.png 2048w\" sizes=\"(max-width: 5496px) 100vw, 5496px\" \/>\t\t\t\t\t\t\t\t\t\t\t\t\t<\/div>\n\t\t\t\t<\/div>\n\t\t\t\t\t<\/div>\n\t\t<\/div>\n\t\t\t\t\t<\/div>\n\t\t<\/section>\n\t\t\t\t<\/div>\n\t\t","protected":false},"excerpt":{"rendered":"<p>Investigaci\u00f3n &amp; desarrollo Programa de Investigaci\u00f3n Para garantizar la mejor calidad de servicios, GK Processing invierte de forma constante en diferentes programas de investigaci\u00f3n. Actualmente, la compa\u00f1\u00eda participa en el programa de tres a\u00f1os con el objetivo de desarrollar y verificar la tecnolog\u00eda de detecci\u00f3n de fracturas naturales: \u00abPara el desarrollo de un innovador sistema [&hellip;]<\/p>\n","protected":false},"author":1,"featured_media":0,"parent":0,"menu_order":0,"comment_status":"closed","ping_status":"closed","template":"elementor_header_footer","meta":{"footnotes":""},"class_list":["post-2020","page","type-page","status-publish","hentry"],"yoast_head":"<!-- This site is optimized with the Yoast SEO plugin v27.2 - https:\/\/yoast.com\/product\/yoast-seo-wordpress\/ -->\n<title>Investigaci\u00f3n &amp; desarrollo - GK PROCESSING<\/title>\n<meta name=\"robots\" content=\"index, follow, max-snippet:-1, max-image-preview:large, max-video-preview:-1\" \/>\n<link rel=\"canonical\" href=\"https:\/\/www.gkprocessing.com\/es\/investigacion-desarrollo\/\" \/>\n<meta property=\"og:locale\" content=\"es_ES\" \/>\n<meta property=\"og:type\" content=\"article\" \/>\n<meta property=\"og:title\" content=\"Investigaci\u00f3n &amp; desarrollo - GK PROCESSING\" \/>\n<meta property=\"og:description\" content=\"Investigaci\u00f3n &amp; desarrollo Programa de Investigaci\u00f3n Para garantizar la mejor calidad de servicios, GK Processing invierte de forma constante en diferentes programas de investigaci\u00f3n. Actualmente, la compa\u00f1\u00eda participa en el programa de tres a\u00f1os con el objetivo de desarrollar y verificar la tecnolog\u00eda de detecci\u00f3n de fracturas naturales: \u00abPara el desarrollo de un innovador sistema [&hellip;]\" \/>\n<meta property=\"og:url\" content=\"https:\/\/www.gkprocessing.com\/es\/investigacion-desarrollo\/\" \/>\n<meta property=\"og:site_name\" content=\"GK PROCESSING\" \/>\n<meta property=\"article:modified_time\" content=\"2020-08-06T10:06:12+00:00\" \/>\n<meta property=\"og:image\" content=\"http:\/\/www.gkprocessing.com\/wp-content\/uploads\/2020\/07\/FE_POIR_poziom_pl-1_rgb-2.png\" \/>\n<meta name=\"twitter:card\" content=\"summary_large_image\" \/>\n<meta name=\"twitter:label1\" content=\"Tiempo de lectura\" \/>\n\t<meta name=\"twitter:data1\" content=\"1 minuto\" \/>\n<script type=\"application\/ld+json\" class=\"yoast-schema-graph\">{\"@context\":\"https:\/\/schema.org\",\"@graph\":[{\"@type\":\"WebPage\",\"@id\":\"https:\/\/www.gkprocessing.com\/es\/investigacion-desarrollo\/\",\"url\":\"https:\/\/www.gkprocessing.com\/es\/investigacion-desarrollo\/\",\"name\":\"Investigaci\u00f3n & desarrollo - GK PROCESSING\",\"isPartOf\":{\"@id\":\"https:\/\/www.gkprocessing.com\/#website\"},\"primaryImageOfPage\":{\"@id\":\"https:\/\/www.gkprocessing.com\/es\/investigacion-desarrollo\/#primaryimage\"},\"image\":{\"@id\":\"https:\/\/www.gkprocessing.com\/es\/investigacion-desarrollo\/#primaryimage\"},\"thumbnailUrl\":\"http:\/\/www.gkprocessing.com\/wp-content\/uploads\/2020\/07\/FE_POIR_poziom_pl-1_rgb-2.png\",\"datePublished\":\"2020-07-22T10:44:42+00:00\",\"dateModified\":\"2020-08-06T10:06:12+00:00\",\"breadcrumb\":{\"@id\":\"https:\/\/www.gkprocessing.com\/es\/investigacion-desarrollo\/#breadcrumb\"},\"inLanguage\":\"es\",\"potentialAction\":[{\"@type\":\"ReadAction\",\"target\":[\"https:\/\/www.gkprocessing.com\/es\/investigacion-desarrollo\/\"]}]},{\"@type\":\"ImageObject\",\"inLanguage\":\"es\",\"@id\":\"https:\/\/www.gkprocessing.com\/es\/investigacion-desarrollo\/#primaryimage\",\"url\":\"http:\/\/www.gkprocessing.com\/wp-content\/uploads\/2020\/07\/FE_POIR_poziom_pl-1_rgb-2.png\",\"contentUrl\":\"http:\/\/www.gkprocessing.com\/wp-content\/uploads\/2020\/07\/FE_POIR_poziom_pl-1_rgb-2.png\"},{\"@type\":\"BreadcrumbList\",\"@id\":\"https:\/\/www.gkprocessing.com\/es\/investigacion-desarrollo\/#breadcrumb\",\"itemListElement\":[{\"@type\":\"ListItem\",\"position\":1,\"name\":\"Home\",\"item\":\"https:\/\/www.gkprocessing.com\/es\/\"},{\"@type\":\"ListItem\",\"position\":2,\"name\":\"Investigaci\u00f3n &#038; desarrollo\"}]},{\"@type\":\"WebSite\",\"@id\":\"https:\/\/www.gkprocessing.com\/#website\",\"url\":\"https:\/\/www.gkprocessing.com\/\",\"name\":\"GK PROCESSING\",\"description\":\"\",\"potentialAction\":[{\"@type\":\"SearchAction\",\"target\":{\"@type\":\"EntryPoint\",\"urlTemplate\":\"https:\/\/www.gkprocessing.com\/?s={search_term_string}\"},\"query-input\":{\"@type\":\"PropertyValueSpecification\",\"valueRequired\":true,\"valueName\":\"search_term_string\"}}],\"inLanguage\":\"es\"}]}<\/script>\n<!-- \/ Yoast SEO plugin. -->","yoast_head_json":{"title":"Investigaci\u00f3n & desarrollo - GK PROCESSING","robots":{"index":"index","follow":"follow","max-snippet":"max-snippet:-1","max-image-preview":"max-image-preview:large","max-video-preview":"max-video-preview:-1"},"canonical":"https:\/\/www.gkprocessing.com\/es\/investigacion-desarrollo\/","og_locale":"es_ES","og_type":"article","og_title":"Investigaci\u00f3n & desarrollo - GK PROCESSING","og_description":"Investigaci\u00f3n &amp; desarrollo Programa de Investigaci\u00f3n Para garantizar la mejor calidad de servicios, GK Processing invierte de forma constante en diferentes programas de investigaci\u00f3n. Actualmente, la compa\u00f1\u00eda participa en el programa de tres a\u00f1os con el objetivo de desarrollar y verificar la tecnolog\u00eda de detecci\u00f3n de fracturas naturales: \u00abPara el desarrollo de un innovador sistema [&hellip;]","og_url":"https:\/\/www.gkprocessing.com\/es\/investigacion-desarrollo\/","og_site_name":"GK PROCESSING","article_modified_time":"2020-08-06T10:06:12+00:00","og_image":[{"url":"http:\/\/www.gkprocessing.com\/wp-content\/uploads\/2020\/07\/FE_POIR_poziom_pl-1_rgb-2.png","type":"","width":"","height":""}],"twitter_card":"summary_large_image","twitter_misc":{"Tiempo de lectura":"1 minuto"},"schema":{"@context":"https:\/\/schema.org","@graph":[{"@type":"WebPage","@id":"https:\/\/www.gkprocessing.com\/es\/investigacion-desarrollo\/","url":"https:\/\/www.gkprocessing.com\/es\/investigacion-desarrollo\/","name":"Investigaci\u00f3n & desarrollo - GK PROCESSING","isPartOf":{"@id":"https:\/\/www.gkprocessing.com\/#website"},"primaryImageOfPage":{"@id":"https:\/\/www.gkprocessing.com\/es\/investigacion-desarrollo\/#primaryimage"},"image":{"@id":"https:\/\/www.gkprocessing.com\/es\/investigacion-desarrollo\/#primaryimage"},"thumbnailUrl":"http:\/\/www.gkprocessing.com\/wp-content\/uploads\/2020\/07\/FE_POIR_poziom_pl-1_rgb-2.png","datePublished":"2020-07-22T10:44:42+00:00","dateModified":"2020-08-06T10:06:12+00:00","breadcrumb":{"@id":"https:\/\/www.gkprocessing.com\/es\/investigacion-desarrollo\/#breadcrumb"},"inLanguage":"es","potentialAction":[{"@type":"ReadAction","target":["https:\/\/www.gkprocessing.com\/es\/investigacion-desarrollo\/"]}]},{"@type":"ImageObject","inLanguage":"es","@id":"https:\/\/www.gkprocessing.com\/es\/investigacion-desarrollo\/#primaryimage","url":"http:\/\/www.gkprocessing.com\/wp-content\/uploads\/2020\/07\/FE_POIR_poziom_pl-1_rgb-2.png","contentUrl":"http:\/\/www.gkprocessing.com\/wp-content\/uploads\/2020\/07\/FE_POIR_poziom_pl-1_rgb-2.png"},{"@type":"BreadcrumbList","@id":"https:\/\/www.gkprocessing.com\/es\/investigacion-desarrollo\/#breadcrumb","itemListElement":[{"@type":"ListItem","position":1,"name":"Home","item":"https:\/\/www.gkprocessing.com\/es\/"},{"@type":"ListItem","position":2,"name":"Investigaci\u00f3n &#038; desarrollo"}]},{"@type":"WebSite","@id":"https:\/\/www.gkprocessing.com\/#website","url":"https:\/\/www.gkprocessing.com\/","name":"GK PROCESSING","description":"","potentialAction":[{"@type":"SearchAction","target":{"@type":"EntryPoint","urlTemplate":"https:\/\/www.gkprocessing.com\/?s={search_term_string}"},"query-input":{"@type":"PropertyValueSpecification","valueRequired":true,"valueName":"search_term_string"}}],"inLanguage":"es"}]}},"_links":{"self":[{"href":"https:\/\/www.gkprocessing.com\/es\/wp-json\/wp\/v2\/pages\/2020","targetHints":{"allow":["GET"]}}],"collection":[{"href":"https:\/\/www.gkprocessing.com\/es\/wp-json\/wp\/v2\/pages"}],"about":[{"href":"https:\/\/www.gkprocessing.com\/es\/wp-json\/wp\/v2\/types\/page"}],"author":[{"embeddable":true,"href":"https:\/\/www.gkprocessing.com\/es\/wp-json\/wp\/v2\/users\/1"}],"replies":[{"embeddable":true,"href":"https:\/\/www.gkprocessing.com\/es\/wp-json\/wp\/v2\/comments?post=2020"}],"version-history":[{"count":3,"href":"https:\/\/www.gkprocessing.com\/es\/wp-json\/wp\/v2\/pages\/2020\/revisions"}],"predecessor-version":[{"id":2446,"href":"https:\/\/www.gkprocessing.com\/es\/wp-json\/wp\/v2\/pages\/2020\/revisions\/2446"}],"wp:attachment":[{"href":"https:\/\/www.gkprocessing.com\/es\/wp-json\/wp\/v2\/media?parent=2020"}],"curies":[{"name":"wp","href":"https:\/\/api.w.org\/{rel}","templated":true}]}}